{"id":5700,"date":"2023-11-22T10:31:29","date_gmt":"2023-11-22T10:31:29","guid":{"rendered":"https:\/\/wetoomvmt.org\/sponsor\/"},"modified":"2023-11-22T11:13:43","modified_gmt":"2023-11-22T11:13:43","slug":"sponsor","status":"publish","type":"page","link":"https:\/\/wetoomvmt.org\/it\/sponsor\/","title":{"rendered":"Sponsor"},"content":{"rendered":"\n<figure class=\"wp-block-image size-full\"><img decoding=\"async\" width=\"301\" height=\"97\" src=\"https:\/\/wetoomvmt.org\/wp-content\/uploads\/2023\/11\/300px.png\" alt=\"\" class=\"wp-image-4230\"\/><\/figure>\n\n<h4 class=\"wp-block-heading\">L&#8217;adozione di un approccio multilingue con il supporto di WPML &#8211; Un passo avanti per WeTooMvmt<\/h4>\n\n<p>Siamo entusiasti di annunciare uno sviluppo entusiasmante per WeTooMvmt: una generosa sponsorizzazione da parte di WPML, che offre i suoi servizi con uno sconto del 50% sul prezzo normale. Questo sostegno da parte di WPML non \u00e8 solo una sponsorizzazione; \u00e8 un faro di speranza e uno strumento di cambiamento nella nostra missione verso l&#8217;uguaglianza nella genitorialit\u00e0.<\/p>\n\n<p>Il ricco arazzo di lingue e culture della Svizzera la rende unica, ma rappresenta anche una sfida per comunicare efficacemente con tutte le comunit\u00e0. In questo caso, WPML \u00e8 un alleato fondamentale. I loro servizi di traduzione ci permettono di rompere le barriere linguistiche e di raggiungere con il nostro messaggio ogni angolo della nostra nazione multilingue.<\/p>\n\n<p>Noi di WeTooMvmt immaginiamo un mondo in cui i padri siano riconosciuti allo stesso modo nell&#8217;accudimento e nell&#8217;educazione dei loro figli. La nostra battaglia \u00e8 per leggi familiari eque e per sostenere i padri nel diventare pilastri integrali di forza, amore e cura per i loro figli. Il viaggio verso un&#8217;alimentazione equilibrata \u00e8 un vantaggio per tutti, soprattutto per i bambini che meritano l&#8217;amore di entrambi i genitori.<\/p>\n\n<p>Il sostegno di WPML ci permette di diffondere questo messaggio in lungo e in largo, assicurando che la nostra voce per il cambiamento sia ascoltata in ogni lingua e in ogni casa. Questa collaborazione non si limita a tradurre le parole; si tratta di trasmettere speranza, condividere la nostra missione e costruire una comunit\u00e0 unita per l&#8217;uguaglianza nella genitorialit\u00e0.<\/p>\n\n<p>Siamo profondamente grati a WPML per aver creduto nella nostra causa e per averci sostenuto. Questa collaborazione \u00e8 una testimonianza del potere dell&#8217;unit\u00e0 e dell&#8217;impatto di unirsi per un obiettivo comune.<\/p>\n\n<p>Vi invitiamo a unirvi a noi in questo viaggio. Partecipate al cambiamento, perch\u00e9 ogni bambino merita due pilastri di forza: i suoi genitori. Con il supporto di WPML, ora siamo pi\u00f9 attrezzati che mai per trasformare questa visione in realt\u00e0.<\/p>\n\n<p><strong>#EqualityInParenting #WeTooMvmt #WPMLPartnership<\/strong><\/p>\n\n<p>.<\/p>\n","protected":false},"excerpt":{"rendered":"<p>L&#8217;adozione di un approccio multilingue con il supporto di WPML &#8211; Un passo avanti per WeTooMvmt Siamo entusiasti di annunciare uno sviluppo entusiasmante per WeTooMvmt: una generosa sponsorizzazione da parte di WPML, che offre i suoi servizi con uno sconto del 50% sul prezzo normale. Questo sostegno da parte di WPML non \u00e8 solo una [&hellip;]<\/p>\n","protected":false},"author":1,"featured_media":0,"parent":0,"menu_order":0,"comment_status":"closed","ping_status":"closed","template":"","meta":{"footnotes":""},"class_list":["post-5700","page","type-page","status-publish","hentry"],"yoast_head":"<!-- This site is optimized with the Yoast SEO plugin v23.2 - https:\/\/yoast.com\/wordpress\/plugins\/seo\/ -->\n<title>Sponsor - we too. Movement<\/title>\n<meta name=\"robots\" content=\"index, follow, max-snippet:-1, max-image-preview:large, max-video-preview:-1\" \/>\n<link rel=\"canonical\" href=\"https:\/\/wetoomvmt.org\/it\/sponsor\/\" \/>\n<meta property=\"og:locale\" content=\"it_IT\" \/>\n<meta property=\"og:type\" content=\"article\" \/>\n<meta property=\"og:title\" content=\"Sponsor - we too. Movement\" \/>\n<meta property=\"og:description\" content=\"L&#8217;adozione di un approccio multilingue con il supporto di WPML &#8211; Un passo avanti per WeTooMvmt Siamo entusiasti di annunciare uno sviluppo entusiasmante per WeTooMvmt: una generosa sponsorizzazione da parte di WPML, che offre i suoi servizi con uno sconto del 50% sul prezzo normale. Questo sostegno da parte di WPML non \u00e8 solo una [&hellip;]\" \/>\n<meta property=\"og:url\" content=\"https:\/\/wetoomvmt.org\/it\/sponsor\/\" \/>\n<meta property=\"og:site_name\" content=\"we too. Movement\" \/>\n<meta property=\"article:publisher\" content=\"https:\/\/www.facebook.com\/WeTooMvmt.org\" \/>\n<meta property=\"article:modified_time\" content=\"2023-11-22T11:13:43+00:00\" \/>\n<meta property=\"og:image\" content=\"https:\/\/wetoomvmt.org\/wp-content\/uploads\/2023\/11\/300px.png\" \/>\n<meta name=\"twitter:card\" content=\"summary_large_image\" \/>\n<meta name=\"twitter:label1\" content=\"Tempo di lettura stimato\" \/>\n\t<meta name=\"twitter:data1\" content=\"2 minuti\" \/>\n<script type=\"application\/ld+json\" class=\"yoast-schema-graph\">{\"@context\":\"https:\/\/schema.org\",\"@graph\":[{\"@type\":\"WebPage\",\"@id\":\"https:\/\/wetoomvmt.org\/it\/sponsor\/\",\"url\":\"https:\/\/wetoomvmt.org\/it\/sponsor\/\",\"name\":\"Sponsor - we too. Movement\",\"isPartOf\":{\"@id\":\"https:\/\/wetoomvmt.org\/it\/#website\"},\"primaryImageOfPage\":{\"@id\":\"https:\/\/wetoomvmt.org\/it\/sponsor\/#primaryimage\"},\"image\":{\"@id\":\"https:\/\/wetoomvmt.org\/it\/sponsor\/#primaryimage\"},\"thumbnailUrl\":\"https:\/\/wetoomvmt.org\/wp-content\/uploads\/2023\/11\/300px.png\",\"datePublished\":\"2023-11-22T10:31:29+00:00\",\"dateModified\":\"2023-11-22T11:13:43+00:00\",\"breadcrumb\":{\"@id\":\"https:\/\/wetoomvmt.org\/it\/sponsor\/#breadcrumb\"},\"inLanguage\":\"it-IT\",\"potentialAction\":[{\"@type\":\"ReadAction\",\"target\":[\"https:\/\/wetoomvmt.org\/it\/sponsor\/\"]}]},{\"@type\":\"ImageObject\",\"inLanguage\":\"it-IT\",\"@id\":\"https:\/\/wetoomvmt.org\/it\/sponsor\/#primaryimage\",\"url\":\"https:\/\/wetoomvmt.org\/wp-content\/uploads\/2023\/11\/300px.png\",\"contentUrl\":\"https:\/\/wetoomvmt.org\/wp-content\/uploads\/2023\/11\/300px.png\"},{\"@type\":\"BreadcrumbList\",\"@id\":\"https:\/\/wetoomvmt.org\/it\/sponsor\/#breadcrumb\",\"itemListElement\":[{\"@type\":\"ListItem\",\"position\":1,\"name\":\"Home\",\"item\":\"https:\/\/wetoomvmt.org\/it\/casa\/\"},{\"@type\":\"ListItem\",\"position\":2,\"name\":\"Sponsor\"}]},{\"@type\":\"WebSite\",\"@id\":\"https:\/\/wetoomvmt.org\/it\/#website\",\"url\":\"https:\/\/wetoomvmt.org\/it\/\",\"name\":\"we too. Movement\",\"description\":\"\",\"publisher\":{\"@id\":\"https:\/\/wetoomvmt.org\/it\/#organization\"},\"potentialAction\":[{\"@type\":\"SearchAction\",\"target\":{\"@type\":\"EntryPoint\",\"urlTemplate\":\"https:\/\/wetoomvmt.org\/it\/?s={search_term_string}\"},\"query-input\":\"required name=search_term_string\"}],\"inLanguage\":\"it-IT\"},{\"@type\":\"Organization\",\"@id\":\"https:\/\/wetoomvmt.org\/it\/#organization\",\"name\":\"we too. Movement\",\"url\":\"https:\/\/wetoomvmt.org\/it\/\",\"logo\":{\"@type\":\"ImageObject\",\"inLanguage\":\"it-IT\",\"@id\":\"https:\/\/wetoomvmt.org\/it\/#\/schema\/logo\/image\/\",\"url\":\"https:\/\/wetoomvmt.org\/wp-content\/uploads\/2023\/11\/FDM-logo.png\",\"contentUrl\":\"https:\/\/wetoomvmt.org\/wp-content\/uploads\/2023\/11\/FDM-logo.png\",\"width\":300,\"height\":183,\"caption\":\"we too. Movement\"},\"image\":{\"@id\":\"https:\/\/wetoomvmt.org\/it\/#\/schema\/logo\/image\/\"},\"sameAs\":[\"https:\/\/www.facebook.com\/WeTooMvmt.org\"]}]}<\/script>\n<!-- \/ Yoast SEO plugin. -->","yoast_head_json":{"title":"Sponsor - we too. Movement","robots":{"index":"index","follow":"follow","max-snippet":"max-snippet:-1","max-image-preview":"max-image-preview:large","max-video-preview":"max-video-preview:-1"},"canonical":"https:\/\/wetoomvmt.org\/it\/sponsor\/","og_locale":"it_IT","og_type":"article","og_title":"Sponsor - we too. Movement","og_description":"L&#8217;adozione di un approccio multilingue con il supporto di WPML &#8211; Un passo avanti per WeTooMvmt Siamo entusiasti di annunciare uno sviluppo entusiasmante per WeTooMvmt: una generosa sponsorizzazione da parte di WPML, che offre i suoi servizi con uno sconto del 50% sul prezzo normale. Questo sostegno da parte di WPML non \u00e8 solo una [&hellip;]","og_url":"https:\/\/wetoomvmt.org\/it\/sponsor\/","og_site_name":"we too. Movement","article_publisher":"https:\/\/www.facebook.com\/WeTooMvmt.org","article_modified_time":"2023-11-22T11:13:43+00:00","og_image":[{"url":"https:\/\/wetoomvmt.org\/wp-content\/uploads\/2023\/11\/300px.png"}],"twitter_card":"summary_large_image","twitter_misc":{"Tempo di lettura stimato":"2 minuti"},"schema":{"@context":"https:\/\/schema.org","@graph":[{"@type":"WebPage","@id":"https:\/\/wetoomvmt.org\/it\/sponsor\/","url":"https:\/\/wetoomvmt.org\/it\/sponsor\/","name":"Sponsor - we too. Movement","isPartOf":{"@id":"https:\/\/wetoomvmt.org\/it\/#website"},"primaryImageOfPage":{"@id":"https:\/\/wetoomvmt.org\/it\/sponsor\/#primaryimage"},"image":{"@id":"https:\/\/wetoomvmt.org\/it\/sponsor\/#primaryimage"},"thumbnailUrl":"https:\/\/wetoomvmt.org\/wp-content\/uploads\/2023\/11\/300px.png","datePublished":"2023-11-22T10:31:29+00:00","dateModified":"2023-11-22T11:13:43+00:00","breadcrumb":{"@id":"https:\/\/wetoomvmt.org\/it\/sponsor\/#breadcrumb"},"inLanguage":"it-IT","potentialAction":[{"@type":"ReadAction","target":["https:\/\/wetoomvmt.org\/it\/sponsor\/"]}]},{"@type":"ImageObject","inLanguage":"it-IT","@id":"https:\/\/wetoomvmt.org\/it\/sponsor\/#primaryimage","url":"https:\/\/wetoomvmt.org\/wp-content\/uploads\/2023\/11\/300px.png","contentUrl":"https:\/\/wetoomvmt.org\/wp-content\/uploads\/2023\/11\/300px.png"},{"@type":"BreadcrumbList","@id":"https:\/\/wetoomvmt.org\/it\/sponsor\/#breadcrumb","itemListElement":[{"@type":"ListItem","position":1,"name":"Home","item":"https:\/\/wetoomvmt.org\/it\/casa\/"},{"@type":"ListItem","position":2,"name":"Sponsor"}]},{"@type":"WebSite","@id":"https:\/\/wetoomvmt.org\/it\/#website","url":"https:\/\/wetoomvmt.org\/it\/","name":"we too. Movement","description":"","publisher":{"@id":"https:\/\/wetoomvmt.org\/it\/#organization"},"potentialAction":[{"@type":"SearchAction","target":{"@type":"EntryPoint","urlTemplate":"https:\/\/wetoomvmt.org\/it\/?s={search_term_string}"},"query-input":"required name=search_term_string"}],"inLanguage":"it-IT"},{"@type":"Organization","@id":"https:\/\/wetoomvmt.org\/it\/#organization","name":"we too. Movement","url":"https:\/\/wetoomvmt.org\/it\/","logo":{"@type":"ImageObject","inLanguage":"it-IT","@id":"https:\/\/wetoomvmt.org\/it\/#\/schema\/logo\/image\/","url":"https:\/\/wetoomvmt.org\/wp-content\/uploads\/2023\/11\/FDM-logo.png","contentUrl":"https:\/\/wetoomvmt.org\/wp-content\/uploads\/2023\/11\/FDM-logo.png","width":300,"height":183,"caption":"we too. Movement"},"image":{"@id":"https:\/\/wetoomvmt.org\/it\/#\/schema\/logo\/image\/"},"sameAs":["https:\/\/www.facebook.com\/WeTooMvmt.org"]}]}},"_links":{"self":[{"href":"https:\/\/wetoomvmt.org\/it\/wp-json\/wp\/v2\/pages\/5700","targetHints":{"allow":["GET"]}}],"collection":[{"href":"https:\/\/wetoomvmt.org\/it\/wp-json\/wp\/v2\/pages"}],"about":[{"href":"https:\/\/wetoomvmt.org\/it\/wp-json\/wp\/v2\/types\/page"}],"author":[{"embeddable":true,"href":"https:\/\/wetoomvmt.org\/it\/wp-json\/wp\/v2\/users\/1"}],"replies":[{"embeddable":true,"href":"https:\/\/wetoomvmt.org\/it\/wp-json\/wp\/v2\/comments?post=5700"}],"version-history":[{"count":1,"href":"https:\/\/wetoomvmt.org\/it\/wp-json\/wp\/v2\/pages\/5700\/revisions"}],"predecessor-version":[{"id":5708,"href":"https:\/\/wetoomvmt.org\/it\/wp-json\/wp\/v2\/pages\/5700\/revisions\/5708"}],"wp:attachment":[{"href":"https:\/\/wetoomvmt.org\/it\/wp-json\/wp\/v2\/media?parent=5700"}],"curies":[{"name":"wp","href":"https:\/\/api.w.org\/{rel}","templated":true}]}}