{"id":5752,"date":"2020-06-12T09:58:37","date_gmt":"2020-06-12T09:58:37","guid":{"rendered":"https:\/\/wetoomvmt.org\/la-mission\/"},"modified":"2023-11-22T11:22:51","modified_gmt":"2023-11-22T11:22:51","slug":"la-mission","status":"publish","type":"page","link":"https:\/\/wetoomvmt.org\/fr\/la-mission\/","title":{"rendered":"La mission"},"content":{"rendered":"\t\t<div data-elementor-type=\"wp-page\" data-elementor-id=\"5752\" class=\"elementor elementor-5752 elementor-977\">\n\t\t\t\t\t\t<section class=\"elementor-section elementor-top-section elementor-element elementor-element-5f028008 elementor-section-stretched elementor-section-content-middle elementor-section-boxed elementor-section-height-default elementor-section-height-default\" data-id=\"5f028008\" data-element_type=\"section\" data-settings=\"{&quot;stretch_section&quot;:&quot;section-stretched&quot;,&quot;background_background&quot;:&quot;classic&quot;}\">\n\t\t\t\t\t\t\t<div class=\"elementor-background-overlay\"><\/div>\n\t\t\t\t\t\t\t<div class=\"elementor-container elementor-column-gap-default\">\n\t\t\t\t\t<div class=\"elementor-column elementor-col-100 elementor-top-column elementor-element elementor-element-69aa7b94\" data-id=\"69aa7b94\" data-element_type=\"column\">\n\t\t\t<div class=\"elementor-widget-wrap elementor-element-populated\">\n\t\t\t\t\t\t<div class=\"elementor-element elementor-element-21e15775 elementor-widget elementor-widget-heading\" data-id=\"21e15775\" data-element_type=\"widget\" data-widget_type=\"heading.default\">\n\t\t\t\t<div class=\"elementor-widget-container\">\n\t\t\t<h1 class=\"elementor-heading-title elementor-size-default\">La mission<\/h1>\t\t<\/div>\n\t\t\t\t<\/div>\n\t\t\t\t\t<\/div>\n\t\t<\/div>\n\t\t\t\t\t<\/div>\n\t\t<\/section>\n\t\t\t\t<section class=\"elementor-section elementor-top-section elementor-element elementor-element-398bc0c elementor-section-stretched elementor-section-full_width elementor-hidden-phone elementor-section-height-default elementor-section-height-default\" data-id=\"398bc0c\" data-element_type=\"section\" data-settings=\"{&quot;stretch_section&quot;:&quot;section-stretched&quot;}\">\n\t\t\t\t\t\t<div class=\"elementor-container elementor-column-gap-default\">\n\t\t\t\t\t<div class=\"elementor-column elementor-col-20 elementor-top-column elementor-element elementor-element-460c421\" data-id=\"460c421\" data-element_type=\"column\">\n\t\t\t<div class=\"elementor-widget-wrap elementor-element-populated\">\n\t\t\t\t\t\t<div class=\"elementor-element elementor-element-66cfbc35 elementor-view-default elementor-position-top elementor-mobile-position-top elementor-widget elementor-widget-icon-box\" data-id=\"66cfbc35\" data-element_type=\"widget\" data-widget_type=\"icon-box.default\">\n\t\t\t\t<div class=\"elementor-widget-container\">\n\t\t\t\t\t<div class=\"elementor-icon-box-wrapper\">\n\n\t\t\t\t\t\t<div class=\"elementor-icon-box-icon\">\n\t\t\t\t<span  class=\"elementor-icon elementor-animation-\">\n\t\t\t\t<i aria-hidden=\"true\" class=\"fas fa-circle\"><\/i>\t\t\t\t<\/span>\n\t\t\t<\/div>\n\t\t\t\n\t\t\t\t\t\t<div class=\"elementor-icon-box-content\">\n\n\t\t\t\t\t\t\t\t\t<h6 class=\"elementor-icon-box-title\">\n\t\t\t\t\t\t<span  >\n\t\t\t\t\t\t\tCREATION\t\t\t\t\t\t<\/span>\n\t\t\t\t\t<\/h6>\n\t\t\t\t\n\t\t\t\t\n\t\t\t<\/div>\n\t\t\t\n\t\t<\/div>\n\t\t\t\t<\/div>\n\t\t\t\t<\/div>\n\t\t\t\t\t<\/div>\n\t\t<\/div>\n\t\t\t\t<div class=\"elementor-column elementor-col-20 elementor-top-column elementor-element elementor-element-430df65a\" data-id=\"430df65a\" data-element_type=\"column\">\n\t\t\t<div class=\"elementor-widget-wrap elementor-element-populated\">\n\t\t\t\t\t\t<div class=\"elementor-element elementor-element-550dbfb elementor-view-default elementor-position-top elementor-mobile-position-top elementor-widget elementor-widget-icon-box\" data-id=\"550dbfb\" data-element_type=\"widget\" data-widget_type=\"icon-box.default\">\n\t\t\t\t<div class=\"elementor-widget-container\">\n\t\t\t\t\t<div class=\"elementor-icon-box-wrapper\">\n\n\t\t\t\t\t\t<div class=\"elementor-icon-box-icon\">\n\t\t\t\t<span  class=\"elementor-icon elementor-animation-\">\n\t\t\t\t<i aria-hidden=\"true\" class=\"fas fa-circle\"><\/i>\t\t\t\t<\/span>\n\t\t\t<\/div>\n\t\t\t\n\t\t\t\t\t\t<div class=\"elementor-icon-box-content\">\n\n\t\t\t\t\t\t\t\t\t<h6 class=\"elementor-icon-box-title\">\n\t\t\t\t\t\t<span  >\n\t\t\t\t\t\t\tADH\u00c9SION\t\t\t\t\t\t<\/span>\n\t\t\t\t\t<\/h6>\n\t\t\t\t\n\t\t\t\t\n\t\t\t<\/div>\n\t\t\t\n\t\t<\/div>\n\t\t\t\t<\/div>\n\t\t\t\t<\/div>\n\t\t\t\t\t<\/div>\n\t\t<\/div>\n\t\t\t\t<div class=\"elementor-column elementor-col-20 elementor-top-column elementor-element elementor-element-45d947ae\" data-id=\"45d947ae\" data-element_type=\"column\">\n\t\t\t<div class=\"elementor-widget-wrap elementor-element-populated\">\n\t\t\t\t\t\t<div class=\"elementor-element elementor-element-24db87ee elementor-view-default elementor-position-top elementor-mobile-position-top elementor-widget elementor-widget-icon-box\" data-id=\"24db87ee\" data-element_type=\"widget\" data-widget_type=\"icon-box.default\">\n\t\t\t\t<div class=\"elementor-widget-container\">\n\t\t\t\t\t<div class=\"elementor-icon-box-wrapper\">\n\n\t\t\t\t\t\t<div class=\"elementor-icon-box-icon\">\n\t\t\t\t<span  class=\"elementor-icon elementor-animation-\">\n\t\t\t\t<i aria-hidden=\"true\" class=\"fas fa-circle\"><\/i>\t\t\t\t<\/span>\n\t\t\t<\/div>\n\t\t\t\n\t\t\t\t\t\t<div class=\"elementor-icon-box-content\">\n\n\t\t\t\t\t\t\t\t\t<h6 class=\"elementor-icon-box-title\">\n\t\t\t\t\t\t<span  >\n\t\t\t\t\t\t\tPROJETS\t\t\t\t\t\t<\/span>\n\t\t\t\t\t<\/h6>\n\t\t\t\t\n\t\t\t\t\n\t\t\t<\/div>\n\t\t\t\n\t\t<\/div>\n\t\t\t\t<\/div>\n\t\t\t\t<\/div>\n\t\t\t\t\t<\/div>\n\t\t<\/div>\n\t\t\t\t<div class=\"elementor-column elementor-col-20 elementor-top-column elementor-element elementor-element-6e92206c\" data-id=\"6e92206c\" data-element_type=\"column\">\n\t\t\t<div class=\"elementor-widget-wrap elementor-element-populated\">\n\t\t\t\t\t\t<div class=\"elementor-element elementor-element-4c379266 elementor-view-default elementor-position-top elementor-mobile-position-top elementor-widget elementor-widget-icon-box\" data-id=\"4c379266\" data-element_type=\"widget\" data-widget_type=\"icon-box.default\">\n\t\t\t\t<div class=\"elementor-widget-container\">\n\t\t\t\t\t<div class=\"elementor-icon-box-wrapper\">\n\n\t\t\t\t\t\t<div class=\"elementor-icon-box-icon\">\n\t\t\t\t<span  class=\"elementor-icon elementor-animation-\">\n\t\t\t\t<i aria-hidden=\"true\" class=\"fas fa-circle\"><\/i>\t\t\t\t<\/span>\n\t\t\t<\/div>\n\t\t\t\n\t\t\t\t\t\t<div class=\"elementor-icon-box-content\">\n\n\t\t\t\t\t\t\t\t\t<h6 class=\"elementor-icon-box-title\">\n\t\t\t\t\t\t<span  >\n\t\t\t\t\t\t\tIMPACT SUR LA SOCI\u00c9T\u00c9\t\t\t\t\t\t<\/span>\n\t\t\t\t\t<\/h6>\n\t\t\t\t\n\t\t\t\t\n\t\t\t<\/div>\n\t\t\t\n\t\t<\/div>\n\t\t\t\t<\/div>\n\t\t\t\t<\/div>\n\t\t\t\t\t<\/div>\n\t\t<\/div>\n\t\t\t\t<div class=\"elementor-column elementor-col-20 elementor-top-column elementor-element elementor-element-d0fa8e6\" data-id=\"d0fa8e6\" data-element_type=\"column\">\n\t\t\t<div class=\"elementor-widget-wrap elementor-element-populated\">\n\t\t\t\t\t\t<div class=\"elementor-element elementor-element-23d4ce90 elementor-view-default elementor-position-top elementor-mobile-position-top elementor-widget elementor-widget-icon-box\" data-id=\"23d4ce90\" data-element_type=\"widget\" data-widget_type=\"icon-box.default\">\n\t\t\t\t<div class=\"elementor-widget-container\">\n\t\t\t\t\t<div class=\"elementor-icon-box-wrapper\">\n\n\t\t\t\t\t\t<div class=\"elementor-icon-box-icon\">\n\t\t\t\t<span  class=\"elementor-icon elementor-animation-\">\n\t\t\t\t<i aria-hidden=\"true\" class=\"fas fa-circle\"><\/i>\t\t\t\t<\/span>\n\t\t\t<\/div>\n\t\t\t\n\t\t\t\t\t\t<div class=\"elementor-icon-box-content\">\n\n\t\t\t\t\t\t\t\t\t<h6 class=\"elementor-icon-box-title\">\n\t\t\t\t\t\t<span  >\n\t\t\t\t\t\t\t\u00c9GALIT\u00c9 DES DROITS\t\t\t\t\t\t<\/span>\n\t\t\t\t\t<\/h6>\n\t\t\t\t\n\t\t\t\t\n\t\t\t<\/div>\n\t\t\t\n\t\t<\/div>\n\t\t\t\t<\/div>\n\t\t\t\t<\/div>\n\t\t\t\t\t<\/div>\n\t\t<\/div>\n\t\t\t\t\t<\/div>\n\t\t<\/section>\n\t\t\t\t<section class=\"elementor-section elementor-top-section elementor-element elementor-element-4e69e967 elementor-section-content-middle elementor-section-full_width elementor-section-height-default elementor-section-height-default\" data-id=\"4e69e967\" data-element_type=\"section\">\n\t\t\t\t\t\t<div class=\"elementor-container elementor-column-gap-default\">\n\t\t\t\t\t<div class=\"elementor-column elementor-col-33 elementor-top-column elementor-element elementor-element-7f2404bb\" data-id=\"7f2404bb\" data-element_type=\"column\">\n\t\t\t<div class=\"elementor-widget-wrap elementor-element-populated\">\n\t\t\t\t\t\t<div class=\"elementor-element elementor-element-2340f643 elementor-widget elementor-widget-image\" data-id=\"2340f643\" data-element_type=\"widget\" data-widget_type=\"image.default\">\n\t\t\t\t<div class=\"elementor-widget-container\">\n\t\t\t\t\t\t\t\t\t\t\t\t\t<img fetchpriority=\"high\" decoding=\"async\" width=\"691\" height=\"800\" src=\"https:\/\/wetoomvmt.org\/wp-content\/uploads\/2023\/10\/father-and-son-reading-book-on-floor-2022-01-27-19-01-29-utc-copy.jpg\" class=\"attachment-full size-full wp-image-5604\" alt=\"\" srcset=\"https:\/\/wetoomvmt.org\/wp-content\/uploads\/2023\/10\/father-and-son-reading-book-on-floor-2022-01-27-19-01-29-utc-copy.jpg 691w, https:\/\/wetoomvmt.org\/wp-content\/uploads\/2023\/10\/father-and-son-reading-book-on-floor-2022-01-27-19-01-29-utc-copy-600x695.jpg 600w, https:\/\/wetoomvmt.org\/wp-content\/uploads\/2023\/10\/father-and-son-reading-book-on-floor-2022-01-27-19-01-29-utc-copy-259x300.jpg 259w\" sizes=\"(max-width: 691px) 100vw, 691px\" \/>\t\t\t\t\t\t\t\t\t\t\t\t\t<\/div>\n\t\t\t\t<\/div>\n\t\t\t\t\t<\/div>\n\t\t<\/div>\n\t\t\t\t<div class=\"elementor-column elementor-col-33 elementor-top-column elementor-element elementor-element-dfc57e5\" data-id=\"dfc57e5\" data-element_type=\"column\">\n\t\t\t<div class=\"elementor-widget-wrap elementor-element-populated\">\n\t\t\t\t\t\t<div class=\"elementor-element elementor-element-4f674616 elementor-tablet-align-center elementor-widget elementor-widget-button\" data-id=\"4f674616\" data-element_type=\"widget\" data-widget_type=\"button.default\">\n\t\t\t\t<div class=\"elementor-widget-container\">\n\t\t\t\t\t\t\t<div class=\"elementor-button-wrapper\">\n\t\t\t\t\t<a class=\"elementor-button elementor-button-link elementor-size-sm\" href=\"#\">\n\t\t\t\t\t\t<span class=\"elementor-button-content-wrapper\">\n\t\t\t\t\t\t<span class=\"elementor-button-icon\">\n\t\t\t\t<i aria-hidden=\"true\" class=\"fas fa-link\"><\/i>\t\t\t<\/span>\n\t\t\t\t\t\t\t\t<\/span>\n\t\t\t\t\t<\/a>\n\t\t\t\t<\/div>\n\t\t\t\t\t\t<\/div>\n\t\t\t\t<\/div>\n\t\t\t\t\t<\/div>\n\t\t<\/div>\n\t\t\t\t<div class=\"elementor-column elementor-col-33 elementor-top-column elementor-element elementor-element-655f7990\" data-id=\"655f7990\" data-element_type=\"column\">\n\t\t\t<div class=\"elementor-widget-wrap elementor-element-populated\">\n\t\t\t\t\t\t<div class=\"elementor-element elementor-element-43b449e7 elementor-align-left elementor-mobile-align-center elementor-icon-list--layout-traditional elementor-list-item-link-full_width elementor-widget elementor-widget-icon-list\" data-id=\"43b449e7\" data-element_type=\"widget\" data-widget_type=\"icon-list.default\">\n\t\t\t\t<div class=\"elementor-widget-container\">\n\t\t\t\t\t<ul class=\"elementor-icon-list-items\">\n\t\t\t\t\t\t\t<li class=\"elementor-icon-list-item\">\n\t\t\t\t\t\t\t\t\t\t\t<span class=\"elementor-icon-list-icon\">\n\t\t\t\t\t\t\t<svg xmlns:dc=\"http:\/\/purl.org\/dc\/elements\/1.1\/\" xmlns:cc=\"http:\/\/creativecommons.org\/ns#\" xmlns:rdf=\"http:\/\/www.w3.org\/1999\/02\/22-rdf-syntax-ns#\" xmlns:svg=\"http:\/\/www.w3.org\/2000\/svg\" xmlns=\"http:\/\/www.w3.org\/2000\/svg\" xmlns:sodipodi=\"http:\/\/sodipodi.sourceforge.net\/DTD\/sodipodi-0.dtd\" xmlns:inkscape=\"http:\/\/www.inkscape.org\/namespaces\/inkscape\" id=\"Capa_1\" x=\"0px\" y=\"0px\" viewBox=\"0 0 14.707 14.707\" style=\"enable-background:new 0 0 14.707 14.707;\" xml:space=\"preserve\" inkscape:version=\"0.91 r13725\" sodipodi:docname=\"dividergreen-big.svg\"><metadata><\/metadata><defs id=\"defs39\"><\/defs><g id=\"g3\" style=\"fill:#22b6af;fill-opacity:1\" transform=\"matrix(1.5486738,0,0,1,-3.4429283,0)\"><rect x=\"6.2750001\" y=\"0\" style=\"fill:#22b6af;fill-opacity:1\" width=\"2.158\" height=\"14.707\" id=\"rect5\"><\/rect><\/g><g id=\"g7\"><\/g><g id=\"g9\"><\/g><g id=\"g11\"><\/g><g id=\"g13\"><\/g><g id=\"g15\"><\/g><g id=\"g17\"><\/g><g id=\"g19\"><\/g><g id=\"g21\"><\/g><g id=\"g23\"><\/g><g id=\"g25\"><\/g><g id=\"g27\"><\/g><g id=\"g29\"><\/g><g id=\"g31\"><\/g><g id=\"g33\"><\/g><g id=\"g35\"><\/g><\/svg>\t\t\t\t\t\t<\/span>\n\t\t\t\t\t\t\t\t\t\t<span class=\"elementor-icon-list-text\">Chaque goutte cr\u00e9e la mer<\/span>\n\t\t\t\t\t\t\t\t\t<\/li>\n\t\t\t\t\t\t<\/ul>\n\t\t\t\t<\/div>\n\t\t\t\t<\/div>\n\t\t\t\t<div class=\"elementor-element elementor-element-5d1c0d80 elementor-widget elementor-widget-heading\" data-id=\"5d1c0d80\" data-element_type=\"widget\" data-widget_type=\"heading.default\">\n\t\t\t\t<div class=\"elementor-widget-container\">\n\t\t\t<h1 class=\"elementor-heading-title elementor-size-default\">Introduction \u00e0 WeTooMvmt<\/h1>\t\t<\/div>\n\t\t\t\t<\/div>\n\t\t\t\t<div class=\"elementor-element elementor-element-2e2ab77b elementor-widget elementor-widget-heading\" data-id=\"2e2ab77b\" data-element_type=\"widget\" data-widget_type=\"heading.default\">\n\t\t\t\t<div class=\"elementor-widget-container\">\n\t\t\t<p class=\"elementor-heading-title elementor-size-default\">WeTooMvmt est un mouvement en plein essor, bas\u00e9 en Suisse, qui se consacre \u00e0 la d\u00e9fense de l'\u00e9galit\u00e9 des droits des p\u00e8res en mati\u00e8re d'\u00e9ducation des enfants. La cr\u00e9ation de WeTooMvmt remonte \u00e0 une aspiration collective \u00e0 combler les lacunes existantes dans le syst\u00e8me actuel du droit de la famille, qui penche souvent en faveur de la garde des enfants par la m\u00e8re.<br>\nNotre conviction profonde est que chaque enfant m\u00e9rite l'attention et l'amour \u00e9quilibr\u00e9s de ses deux parents, et que les p\u00e8res devraient \u00eatre sur un pied d'\u00e9galit\u00e9 dans le cadre juridique entourant la garde des enfants et les droits parentaux. Gr\u00e2ce \u00e0 notre mouvement, nous visons \u00e0 cr\u00e9er un solide r\u00e9seau de soutien pour les p\u00e8res, \u00e0 sensibiliser le public \u00e0 l'importance d'une parentalit\u00e9 \u00e9quilibr\u00e9e et \u00e0 influencer les changements politiques qui refl\u00e8tent notre \u00e9thique de l'\u00e9quit\u00e9 et de l'\u00e9galit\u00e9.<br>\n\nDans un domaine o\u00f9 la balance penche souvent en d\u00e9faveur des p\u00e8res, WeTooMvmt s'efforce de faire contrepoids, en veillant \u00e0 ce que les droits des p\u00e8res soient respect\u00e9s et que l'int\u00e9r\u00eat de l'enfant soit toujours au premier plan. Gr\u00e2ce \u00e0 des efforts de collaboration, nous visons \u00e0 construire une communaut\u00e9 qui \u00e9duque, soutient et d\u00e9fend un syst\u00e8me de droit de la famille plus \u00e9quitable qui b\u00e9n\u00e9ficie \u00e0 toutes les parties impliqu\u00e9es.<br>\n\nRejoignez-nous pour avancer vers une soci\u00e9t\u00e9 plus \u00e9quitable o\u00f9 le r\u00f4le des p\u00e8res est reconnu, honor\u00e9 et soutenu au m\u00eame titre que celui des m\u00e8res, contribuant ainsi \u00e0 un cadre familial harmonieux et juste.<\/p>\t\t<\/div>\n\t\t\t\t<\/div>\n\t\t\t\t\t<\/div>\n\t\t<\/div>\n\t\t\t\t\t<\/div>\n\t\t<\/section>\n\t\t\t\t<\/div>\n\t\t","protected":false},"excerpt":{"rendered":"<p>La mission CREATION ADH\u00c9SION PROJETS IMPACT SUR LA SOCI\u00c9T\u00c9 \u00c9GALIT\u00c9 DES DROITS Chaque goutte cr\u00e9e la mer Introduction \u00e0 WeTooMvmt WeTooMvmt est un mouvement en plein essor, bas\u00e9 en Suisse, qui se consacre \u00e0 la d\u00e9fense de l&#8217;\u00e9galit\u00e9 des droits des p\u00e8res en mati\u00e8re d&#8217;\u00e9ducation des enfants. La cr\u00e9ation de WeTooMvmt remonte \u00e0 une aspiration [&hellip;]<\/p>\n","protected":false},"author":1,"featured_media":0,"parent":0,"menu_order":0,"comment_status":"closed","ping_status":"closed","template":"","meta":{"footnotes":""},"class_list":["post-5752","page","type-page","status-publish","hentry"],"yoast_head":"<!-- This site is optimized with the Yoast SEO plugin v23.2 - https:\/\/yoast.com\/wordpress\/plugins\/seo\/ -->\n<title>La mission - we too. Movement<\/title>\n<meta name=\"robots\" content=\"index, follow, max-snippet:-1, max-image-preview:large, max-video-preview:-1\" \/>\n<link rel=\"canonical\" href=\"https:\/\/wetoomvmt.org\/fr\/la-mission\/\" \/>\n<meta property=\"og:locale\" content=\"fr_FR\" \/>\n<meta property=\"og:type\" content=\"article\" \/>\n<meta property=\"og:title\" content=\"La mission - we too. Movement\" \/>\n<meta property=\"og:description\" content=\"La mission CREATION ADH\u00c9SION PROJETS IMPACT SUR LA SOCI\u00c9T\u00c9 \u00c9GALIT\u00c9 DES DROITS Chaque goutte cr\u00e9e la mer Introduction \u00e0 WeTooMvmt WeTooMvmt est un mouvement en plein essor, bas\u00e9 en Suisse, qui se consacre \u00e0 la d\u00e9fense de l&#8217;\u00e9galit\u00e9 des droits des p\u00e8res en mati\u00e8re d&#8217;\u00e9ducation des enfants. La cr\u00e9ation de WeTooMvmt remonte \u00e0 une aspiration [&hellip;]\" \/>\n<meta property=\"og:url\" content=\"https:\/\/wetoomvmt.org\/fr\/la-mission\/\" \/>\n<meta property=\"og:site_name\" content=\"we too. Movement\" \/>\n<meta property=\"article:publisher\" content=\"https:\/\/www.facebook.com\/WeTooMvmt.org\" \/>\n<meta property=\"article:modified_time\" content=\"2023-11-22T11:22:51+00:00\" \/>\n<meta property=\"og:image\" content=\"https:\/\/wetoomvmt.org\/wp-content\/uploads\/2023\/10\/father-and-son-reading-book-on-floor-2022-01-27-19-01-29-utc-copy.jpg\" \/>\n<meta name=\"twitter:card\" content=\"summary_large_image\" \/>\n<meta name=\"twitter:label1\" content=\"Est. reading time\" \/>\n\t<meta name=\"twitter:data1\" content=\"2 minutes\" \/>\n<script type=\"application\/ld+json\" class=\"yoast-schema-graph\">{\"@context\":\"https:\/\/schema.org\",\"@graph\":[{\"@type\":\"WebPage\",\"@id\":\"https:\/\/wetoomvmt.org\/fr\/la-mission\/\",\"url\":\"https:\/\/wetoomvmt.org\/fr\/la-mission\/\",\"name\":\"La mission - we too. Movement\",\"isPartOf\":{\"@id\":\"https:\/\/wetoomvmt.org\/fr\/#website\"},\"primaryImageOfPage\":{\"@id\":\"https:\/\/wetoomvmt.org\/fr\/la-mission\/#primaryimage\"},\"image\":{\"@id\":\"https:\/\/wetoomvmt.org\/fr\/la-mission\/#primaryimage\"},\"thumbnailUrl\":\"https:\/\/wetoomvmt.org\/wp-content\/uploads\/2023\/10\/father-and-son-reading-book-on-floor-2022-01-27-19-01-29-utc-copy.jpg\",\"datePublished\":\"2020-06-12T09:58:37+00:00\",\"dateModified\":\"2023-11-22T11:22:51+00:00\",\"breadcrumb\":{\"@id\":\"https:\/\/wetoomvmt.org\/fr\/la-mission\/#breadcrumb\"},\"inLanguage\":\"fr-FR\",\"potentialAction\":[{\"@type\":\"ReadAction\",\"target\":[\"https:\/\/wetoomvmt.org\/fr\/la-mission\/\"]}]},{\"@type\":\"ImageObject\",\"inLanguage\":\"fr-FR\",\"@id\":\"https:\/\/wetoomvmt.org\/fr\/la-mission\/#primaryimage\",\"url\":\"https:\/\/wetoomvmt.org\/wp-content\/uploads\/2023\/10\/father-and-son-reading-book-on-floor-2022-01-27-19-01-29-utc-copy.jpg\",\"contentUrl\":\"https:\/\/wetoomvmt.org\/wp-content\/uploads\/2023\/10\/father-and-son-reading-book-on-floor-2022-01-27-19-01-29-utc-copy.jpg\"},{\"@type\":\"BreadcrumbList\",\"@id\":\"https:\/\/wetoomvmt.org\/fr\/la-mission\/#breadcrumb\",\"itemListElement\":[{\"@type\":\"ListItem\",\"position\":1,\"name\":\"Home\",\"item\":\"https:\/\/wetoomvmt.org\/fr\/accueil\/\"},{\"@type\":\"ListItem\",\"position\":2,\"name\":\"La mission\"}]},{\"@type\":\"WebSite\",\"@id\":\"https:\/\/wetoomvmt.org\/fr\/#website\",\"url\":\"https:\/\/wetoomvmt.org\/fr\/\",\"name\":\"we too. Movement\",\"description\":\"\",\"publisher\":{\"@id\":\"https:\/\/wetoomvmt.org\/fr\/#organization\"},\"potentialAction\":[{\"@type\":\"SearchAction\",\"target\":{\"@type\":\"EntryPoint\",\"urlTemplate\":\"https:\/\/wetoomvmt.org\/fr\/?s={search_term_string}\"},\"query-input\":\"required name=search_term_string\"}],\"inLanguage\":\"fr-FR\"},{\"@type\":\"Organization\",\"@id\":\"https:\/\/wetoomvmt.org\/fr\/#organization\",\"name\":\"we too. Movement\",\"url\":\"https:\/\/wetoomvmt.org\/fr\/\",\"logo\":{\"@type\":\"ImageObject\",\"inLanguage\":\"fr-FR\",\"@id\":\"https:\/\/wetoomvmt.org\/fr\/#\/schema\/logo\/image\/\",\"url\":\"https:\/\/wetoomvmt.org\/wp-content\/uploads\/2023\/11\/FDM-logo.png\",\"contentUrl\":\"https:\/\/wetoomvmt.org\/wp-content\/uploads\/2023\/11\/FDM-logo.png\",\"width\":300,\"height\":183,\"caption\":\"we too. Movement\"},\"image\":{\"@id\":\"https:\/\/wetoomvmt.org\/fr\/#\/schema\/logo\/image\/\"},\"sameAs\":[\"https:\/\/www.facebook.com\/WeTooMvmt.org\"]}]}<\/script>\n<!-- \/ Yoast SEO plugin. -->","yoast_head_json":{"title":"La mission - we too. Movement","robots":{"index":"index","follow":"follow","max-snippet":"max-snippet:-1","max-image-preview":"max-image-preview:large","max-video-preview":"max-video-preview:-1"},"canonical":"https:\/\/wetoomvmt.org\/fr\/la-mission\/","og_locale":"fr_FR","og_type":"article","og_title":"La mission - we too. Movement","og_description":"La mission CREATION ADH\u00c9SION PROJETS IMPACT SUR LA SOCI\u00c9T\u00c9 \u00c9GALIT\u00c9 DES DROITS Chaque goutte cr\u00e9e la mer Introduction \u00e0 WeTooMvmt WeTooMvmt est un mouvement en plein essor, bas\u00e9 en Suisse, qui se consacre \u00e0 la d\u00e9fense de l&#8217;\u00e9galit\u00e9 des droits des p\u00e8res en mati\u00e8re d&#8217;\u00e9ducation des enfants. La cr\u00e9ation de WeTooMvmt remonte \u00e0 une aspiration [&hellip;]","og_url":"https:\/\/wetoomvmt.org\/fr\/la-mission\/","og_site_name":"we too. Movement","article_publisher":"https:\/\/www.facebook.com\/WeTooMvmt.org","article_modified_time":"2023-11-22T11:22:51+00:00","og_image":[{"url":"https:\/\/wetoomvmt.org\/wp-content\/uploads\/2023\/10\/father-and-son-reading-book-on-floor-2022-01-27-19-01-29-utc-copy.jpg"}],"twitter_card":"summary_large_image","twitter_misc":{"Est. reading time":"2 minutes"},"schema":{"@context":"https:\/\/schema.org","@graph":[{"@type":"WebPage","@id":"https:\/\/wetoomvmt.org\/fr\/la-mission\/","url":"https:\/\/wetoomvmt.org\/fr\/la-mission\/","name":"La mission - we too. Movement","isPartOf":{"@id":"https:\/\/wetoomvmt.org\/fr\/#website"},"primaryImageOfPage":{"@id":"https:\/\/wetoomvmt.org\/fr\/la-mission\/#primaryimage"},"image":{"@id":"https:\/\/wetoomvmt.org\/fr\/la-mission\/#primaryimage"},"thumbnailUrl":"https:\/\/wetoomvmt.org\/wp-content\/uploads\/2023\/10\/father-and-son-reading-book-on-floor-2022-01-27-19-01-29-utc-copy.jpg","datePublished":"2020-06-12T09:58:37+00:00","dateModified":"2023-11-22T11:22:51+00:00","breadcrumb":{"@id":"https:\/\/wetoomvmt.org\/fr\/la-mission\/#breadcrumb"},"inLanguage":"fr-FR","potentialAction":[{"@type":"ReadAction","target":["https:\/\/wetoomvmt.org\/fr\/la-mission\/"]}]},{"@type":"ImageObject","inLanguage":"fr-FR","@id":"https:\/\/wetoomvmt.org\/fr\/la-mission\/#primaryimage","url":"https:\/\/wetoomvmt.org\/wp-content\/uploads\/2023\/10\/father-and-son-reading-book-on-floor-2022-01-27-19-01-29-utc-copy.jpg","contentUrl":"https:\/\/wetoomvmt.org\/wp-content\/uploads\/2023\/10\/father-and-son-reading-book-on-floor-2022-01-27-19-01-29-utc-copy.jpg"},{"@type":"BreadcrumbList","@id":"https:\/\/wetoomvmt.org\/fr\/la-mission\/#breadcrumb","itemListElement":[{"@type":"ListItem","position":1,"name":"Home","item":"https:\/\/wetoomvmt.org\/fr\/accueil\/"},{"@type":"ListItem","position":2,"name":"La mission"}]},{"@type":"WebSite","@id":"https:\/\/wetoomvmt.org\/fr\/#website","url":"https:\/\/wetoomvmt.org\/fr\/","name":"we too. Movement","description":"","publisher":{"@id":"https:\/\/wetoomvmt.org\/fr\/#organization"},"potentialAction":[{"@type":"SearchAction","target":{"@type":"EntryPoint","urlTemplate":"https:\/\/wetoomvmt.org\/fr\/?s={search_term_string}"},"query-input":"required name=search_term_string"}],"inLanguage":"fr-FR"},{"@type":"Organization","@id":"https:\/\/wetoomvmt.org\/fr\/#organization","name":"we too. Movement","url":"https:\/\/wetoomvmt.org\/fr\/","logo":{"@type":"ImageObject","inLanguage":"fr-FR","@id":"https:\/\/wetoomvmt.org\/fr\/#\/schema\/logo\/image\/","url":"https:\/\/wetoomvmt.org\/wp-content\/uploads\/2023\/11\/FDM-logo.png","contentUrl":"https:\/\/wetoomvmt.org\/wp-content\/uploads\/2023\/11\/FDM-logo.png","width":300,"height":183,"caption":"we too. Movement"},"image":{"@id":"https:\/\/wetoomvmt.org\/fr\/#\/schema\/logo\/image\/"},"sameAs":["https:\/\/www.facebook.com\/WeTooMvmt.org"]}]}},"_links":{"self":[{"href":"https:\/\/wetoomvmt.org\/fr\/wp-json\/wp\/v2\/pages\/5752","targetHints":{"allow":["GET"]}}],"collection":[{"href":"https:\/\/wetoomvmt.org\/fr\/wp-json\/wp\/v2\/pages"}],"about":[{"href":"https:\/\/wetoomvmt.org\/fr\/wp-json\/wp\/v2\/types\/page"}],"author":[{"embeddable":true,"href":"https:\/\/wetoomvmt.org\/fr\/wp-json\/wp\/v2\/users\/1"}],"replies":[{"embeddable":true,"href":"https:\/\/wetoomvmt.org\/fr\/wp-json\/wp\/v2\/comments?post=5752"}],"version-history":[{"count":5,"href":"https:\/\/wetoomvmt.org\/fr\/wp-json\/wp\/v2\/pages\/5752\/revisions"}],"predecessor-version":[{"id":5771,"href":"https:\/\/wetoomvmt.org\/fr\/wp-json\/wp\/v2\/pages\/5752\/revisions\/5771"}],"wp:attachment":[{"href":"https:\/\/wetoomvmt.org\/fr\/wp-json\/wp\/v2\/media?parent=5752"}],"curies":[{"name":"wp","href":"https:\/\/api.w.org\/{rel}","templated":true}]}}