{"id":5671,"date":"2023-11-22T10:31:29","date_gmt":"2023-11-22T10:31:29","guid":{"rendered":"https:\/\/wetoomvmt.org\/parrains\/"},"modified":"2023-11-22T11:13:42","modified_gmt":"2023-11-22T11:13:42","slug":"parrains","status":"publish","type":"page","link":"https:\/\/wetoomvmt.org\/fr\/parrains\/","title":{"rendered":"Parrains"},"content":{"rendered":"\n<figure class=\"wp-block-image size-full\"><img decoding=\"async\" width=\"301\" height=\"97\" src=\"https:\/\/wetoomvmt.org\/wp-content\/uploads\/2023\/11\/300px.png\" alt=\"\" class=\"wp-image-4230\"\/><\/figure>\n\n<h4 class=\"wp-block-heading\">La sensibilisation au multilinguisme avec le soutien de WPML &#8211; Un pas en avant pour WeTooMvmt<\/h4>\n\n<p>Nous sommes ravis d&#8217;annoncer un d\u00e9veloppement passionnant pour WeTooMvmt &#8211; un g\u00e9n\u00e9reux parrainage de WPML, offrant leurs services \u00e0 50% du prix normal. Ce soutien de WPML n&#8217;est pas seulement un parrainage ; c&#8217;est une lueur d&#8217;espoir et un outil de changement dans notre mission vers l&#8217;\u00e9galit\u00e9 dans la parentalit\u00e9.<\/p>\n\n<p>La riche mosa\u00efque de langues et de cultures qui caract\u00e9rise la Suisse la rend unique, mais elle repr\u00e9sente aussi un d\u00e9fi pour une communication efficace avec toutes les communaut\u00e9s. C&#8217;est l\u00e0 que WPML intervient en tant qu&#8217;alli\u00e9 essentiel. Leurs services de traduction nous permettent de franchir les barri\u00e8res linguistiques et de diffuser notre message dans tous les coins de notre pays multilingue.<\/p>\n\n<p>\u00c0 WeTooMvmt, nous envisageons un monde o\u00f9 les p\u00e8res sont reconnus \u00e0 part \u00e9gale dans l&#8217;\u00e9ducation de leurs enfants. Nous nous battons pour des lois familiales \u00e9quitables et pour aider les p\u00e8res \u00e0 devenir des piliers \u00e0 part enti\u00e8re de la force, de l&#8217;amour et des soins pour leurs enfants. Le cheminement vers une \u00e9ducation \u00e9quilibr\u00e9e est b\u00e9n\u00e9fique pour tous, en particulier pour les enfants qui m\u00e9ritent l&#8217;amour de leurs deux parents.<\/p>\n\n<p>Le soutien de WPML nous permet de diffuser ce message \u00e0 grande \u00e9chelle, en veillant \u00e0 ce que notre voix pour le changement soit entendue dans toutes les langues et dans tous les foyers. Ce partenariat ne consiste pas seulement \u00e0 traduire des mots ; il s&#8217;agit de transmettre l&#8217;espoir, de partager notre mission et de construire une communaut\u00e9 unie pour l&#8217;\u00e9galit\u00e9 dans l&#8217;\u00e9ducation des enfants.<\/p>\n\n<p>Nous sommes profond\u00e9ment reconnaissants \u00e0 WPML d&#8217;avoir cru en notre cause et de nous avoir apport\u00e9 son soutien. Cette collaboration t\u00e9moigne du pouvoir de l&#8217;unit\u00e9 et de l&#8217;impact d&#8217;un rassemblement autour d&#8217;un objectif commun.<\/p>\n\n<p>Nous vous invitons \u00e0 nous rejoindre dans ce voyage. Participez au changement, car chaque enfant a droit \u00e0 deux piliers de force : ses parents. Gr\u00e2ce au soutien de WPML, nous sommes plus que jamais \u00e9quip\u00e9s pour faire de cette vision une r\u00e9alit\u00e9.<\/p>\n\n<p><strong>#EqualityInParenting #WeTooMvmt #WPMLPartnership<\/strong><\/p>\n\n<p>.<\/p>\n","protected":false},"excerpt":{"rendered":"<p>La sensibilisation au multilinguisme avec le soutien de WPML &#8211; Un pas en avant pour WeTooMvmt Nous sommes ravis d&#8217;annoncer un d\u00e9veloppement passionnant pour WeTooMvmt &#8211; un g\u00e9n\u00e9reux parrainage de WPML, offrant leurs services \u00e0 50% du prix normal. Ce soutien de WPML n&#8217;est pas seulement un parrainage ; c&#8217;est une lueur d&#8217;espoir et un [&hellip;]<\/p>\n","protected":false},"author":1,"featured_media":0,"parent":0,"menu_order":0,"comment_status":"closed","ping_status":"closed","template":"","meta":{"footnotes":""},"class_list":["post-5671","page","type-page","status-publish","hentry"],"yoast_head":"<!-- This site is optimized with the Yoast SEO plugin v23.2 - https:\/\/yoast.com\/wordpress\/plugins\/seo\/ -->\n<title>Parrains - we too. Movement<\/title>\n<meta name=\"robots\" content=\"index, follow, max-snippet:-1, max-image-preview:large, max-video-preview:-1\" \/>\n<link rel=\"canonical\" href=\"https:\/\/wetoomvmt.org\/fr\/parrains\/\" \/>\n<meta property=\"og:locale\" content=\"fr_FR\" \/>\n<meta property=\"og:type\" content=\"article\" \/>\n<meta property=\"og:title\" content=\"Parrains - we too. Movement\" \/>\n<meta property=\"og:description\" content=\"La sensibilisation au multilinguisme avec le soutien de WPML &#8211; Un pas en avant pour WeTooMvmt Nous sommes ravis d&#8217;annoncer un d\u00e9veloppement passionnant pour WeTooMvmt &#8211; un g\u00e9n\u00e9reux parrainage de WPML, offrant leurs services \u00e0 50% du prix normal. Ce soutien de WPML n&#8217;est pas seulement un parrainage ; c&#8217;est une lueur d&#8217;espoir et un [&hellip;]\" \/>\n<meta property=\"og:url\" content=\"https:\/\/wetoomvmt.org\/fr\/parrains\/\" \/>\n<meta property=\"og:site_name\" content=\"we too. Movement\" \/>\n<meta property=\"article:publisher\" content=\"https:\/\/www.facebook.com\/WeTooMvmt.org\" \/>\n<meta property=\"article:modified_time\" content=\"2023-11-22T11:13:42+00:00\" \/>\n<meta property=\"og:image\" content=\"https:\/\/wetoomvmt.org\/wp-content\/uploads\/2023\/11\/300px.png\" \/>\n<meta name=\"twitter:card\" content=\"summary_large_image\" \/>\n<meta name=\"twitter:label1\" content=\"Est. reading time\" \/>\n\t<meta name=\"twitter:data1\" content=\"2 minutes\" \/>\n<script type=\"application\/ld+json\" class=\"yoast-schema-graph\">{\"@context\":\"https:\/\/schema.org\",\"@graph\":[{\"@type\":\"WebPage\",\"@id\":\"https:\/\/wetoomvmt.org\/fr\/parrains\/\",\"url\":\"https:\/\/wetoomvmt.org\/fr\/parrains\/\",\"name\":\"Parrains - we too. Movement\",\"isPartOf\":{\"@id\":\"https:\/\/wetoomvmt.org\/fr\/#website\"},\"primaryImageOfPage\":{\"@id\":\"https:\/\/wetoomvmt.org\/fr\/parrains\/#primaryimage\"},\"image\":{\"@id\":\"https:\/\/wetoomvmt.org\/fr\/parrains\/#primaryimage\"},\"thumbnailUrl\":\"https:\/\/wetoomvmt.org\/wp-content\/uploads\/2023\/11\/300px.png\",\"datePublished\":\"2023-11-22T10:31:29+00:00\",\"dateModified\":\"2023-11-22T11:13:42+00:00\",\"breadcrumb\":{\"@id\":\"https:\/\/wetoomvmt.org\/fr\/parrains\/#breadcrumb\"},\"inLanguage\":\"fr-FR\",\"potentialAction\":[{\"@type\":\"ReadAction\",\"target\":[\"https:\/\/wetoomvmt.org\/fr\/parrains\/\"]}]},{\"@type\":\"ImageObject\",\"inLanguage\":\"fr-FR\",\"@id\":\"https:\/\/wetoomvmt.org\/fr\/parrains\/#primaryimage\",\"url\":\"https:\/\/wetoomvmt.org\/wp-content\/uploads\/2023\/11\/300px.png\",\"contentUrl\":\"https:\/\/wetoomvmt.org\/wp-content\/uploads\/2023\/11\/300px.png\"},{\"@type\":\"BreadcrumbList\",\"@id\":\"https:\/\/wetoomvmt.org\/fr\/parrains\/#breadcrumb\",\"itemListElement\":[{\"@type\":\"ListItem\",\"position\":1,\"name\":\"Home\",\"item\":\"https:\/\/wetoomvmt.org\/fr\/accueil\/\"},{\"@type\":\"ListItem\",\"position\":2,\"name\":\"Parrains\"}]},{\"@type\":\"WebSite\",\"@id\":\"https:\/\/wetoomvmt.org\/fr\/#website\",\"url\":\"https:\/\/wetoomvmt.org\/fr\/\",\"name\":\"we too. Movement\",\"description\":\"\",\"publisher\":{\"@id\":\"https:\/\/wetoomvmt.org\/fr\/#organization\"},\"potentialAction\":[{\"@type\":\"SearchAction\",\"target\":{\"@type\":\"EntryPoint\",\"urlTemplate\":\"https:\/\/wetoomvmt.org\/fr\/?s={search_term_string}\"},\"query-input\":\"required name=search_term_string\"}],\"inLanguage\":\"fr-FR\"},{\"@type\":\"Organization\",\"@id\":\"https:\/\/wetoomvmt.org\/fr\/#organization\",\"name\":\"we too. Movement\",\"url\":\"https:\/\/wetoomvmt.org\/fr\/\",\"logo\":{\"@type\":\"ImageObject\",\"inLanguage\":\"fr-FR\",\"@id\":\"https:\/\/wetoomvmt.org\/fr\/#\/schema\/logo\/image\/\",\"url\":\"https:\/\/wetoomvmt.org\/wp-content\/uploads\/2023\/11\/FDM-logo.png\",\"contentUrl\":\"https:\/\/wetoomvmt.org\/wp-content\/uploads\/2023\/11\/FDM-logo.png\",\"width\":300,\"height\":183,\"caption\":\"we too. Movement\"},\"image\":{\"@id\":\"https:\/\/wetoomvmt.org\/fr\/#\/schema\/logo\/image\/\"},\"sameAs\":[\"https:\/\/www.facebook.com\/WeTooMvmt.org\"]}]}<\/script>\n<!-- \/ Yoast SEO plugin. -->","yoast_head_json":{"title":"Parrains - we too. Movement","robots":{"index":"index","follow":"follow","max-snippet":"max-snippet:-1","max-image-preview":"max-image-preview:large","max-video-preview":"max-video-preview:-1"},"canonical":"https:\/\/wetoomvmt.org\/fr\/parrains\/","og_locale":"fr_FR","og_type":"article","og_title":"Parrains - we too. Movement","og_description":"La sensibilisation au multilinguisme avec le soutien de WPML &#8211; Un pas en avant pour WeTooMvmt Nous sommes ravis d&#8217;annoncer un d\u00e9veloppement passionnant pour WeTooMvmt &#8211; un g\u00e9n\u00e9reux parrainage de WPML, offrant leurs services \u00e0 50% du prix normal. Ce soutien de WPML n&#8217;est pas seulement un parrainage ; c&#8217;est une lueur d&#8217;espoir et un [&hellip;]","og_url":"https:\/\/wetoomvmt.org\/fr\/parrains\/","og_site_name":"we too. Movement","article_publisher":"https:\/\/www.facebook.com\/WeTooMvmt.org","article_modified_time":"2023-11-22T11:13:42+00:00","og_image":[{"url":"https:\/\/wetoomvmt.org\/wp-content\/uploads\/2023\/11\/300px.png"}],"twitter_card":"summary_large_image","twitter_misc":{"Est. reading time":"2 minutes"},"schema":{"@context":"https:\/\/schema.org","@graph":[{"@type":"WebPage","@id":"https:\/\/wetoomvmt.org\/fr\/parrains\/","url":"https:\/\/wetoomvmt.org\/fr\/parrains\/","name":"Parrains - we too. Movement","isPartOf":{"@id":"https:\/\/wetoomvmt.org\/fr\/#website"},"primaryImageOfPage":{"@id":"https:\/\/wetoomvmt.org\/fr\/parrains\/#primaryimage"},"image":{"@id":"https:\/\/wetoomvmt.org\/fr\/parrains\/#primaryimage"},"thumbnailUrl":"https:\/\/wetoomvmt.org\/wp-content\/uploads\/2023\/11\/300px.png","datePublished":"2023-11-22T10:31:29+00:00","dateModified":"2023-11-22T11:13:42+00:00","breadcrumb":{"@id":"https:\/\/wetoomvmt.org\/fr\/parrains\/#breadcrumb"},"inLanguage":"fr-FR","potentialAction":[{"@type":"ReadAction","target":["https:\/\/wetoomvmt.org\/fr\/parrains\/"]}]},{"@type":"ImageObject","inLanguage":"fr-FR","@id":"https:\/\/wetoomvmt.org\/fr\/parrains\/#primaryimage","url":"https:\/\/wetoomvmt.org\/wp-content\/uploads\/2023\/11\/300px.png","contentUrl":"https:\/\/wetoomvmt.org\/wp-content\/uploads\/2023\/11\/300px.png"},{"@type":"BreadcrumbList","@id":"https:\/\/wetoomvmt.org\/fr\/parrains\/#breadcrumb","itemListElement":[{"@type":"ListItem","position":1,"name":"Home","item":"https:\/\/wetoomvmt.org\/fr\/accueil\/"},{"@type":"ListItem","position":2,"name":"Parrains"}]},{"@type":"WebSite","@id":"https:\/\/wetoomvmt.org\/fr\/#website","url":"https:\/\/wetoomvmt.org\/fr\/","name":"we too. Movement","description":"","publisher":{"@id":"https:\/\/wetoomvmt.org\/fr\/#organization"},"potentialAction":[{"@type":"SearchAction","target":{"@type":"EntryPoint","urlTemplate":"https:\/\/wetoomvmt.org\/fr\/?s={search_term_string}"},"query-input":"required name=search_term_string"}],"inLanguage":"fr-FR"},{"@type":"Organization","@id":"https:\/\/wetoomvmt.org\/fr\/#organization","name":"we too. Movement","url":"https:\/\/wetoomvmt.org\/fr\/","logo":{"@type":"ImageObject","inLanguage":"fr-FR","@id":"https:\/\/wetoomvmt.org\/fr\/#\/schema\/logo\/image\/","url":"https:\/\/wetoomvmt.org\/wp-content\/uploads\/2023\/11\/FDM-logo.png","contentUrl":"https:\/\/wetoomvmt.org\/wp-content\/uploads\/2023\/11\/FDM-logo.png","width":300,"height":183,"caption":"we too. Movement"},"image":{"@id":"https:\/\/wetoomvmt.org\/fr\/#\/schema\/logo\/image\/"},"sameAs":["https:\/\/www.facebook.com\/WeTooMvmt.org"]}]}},"_links":{"self":[{"href":"https:\/\/wetoomvmt.org\/fr\/wp-json\/wp\/v2\/pages\/5671","targetHints":{"allow":["GET"]}}],"collection":[{"href":"https:\/\/wetoomvmt.org\/fr\/wp-json\/wp\/v2\/pages"}],"about":[{"href":"https:\/\/wetoomvmt.org\/fr\/wp-json\/wp\/v2\/types\/page"}],"author":[{"embeddable":true,"href":"https:\/\/wetoomvmt.org\/fr\/wp-json\/wp\/v2\/users\/1"}],"replies":[{"embeddable":true,"href":"https:\/\/wetoomvmt.org\/fr\/wp-json\/wp\/v2\/comments?post=5671"}],"version-history":[{"count":1,"href":"https:\/\/wetoomvmt.org\/fr\/wp-json\/wp\/v2\/pages\/5671\/revisions"}],"predecessor-version":[{"id":5677,"href":"https:\/\/wetoomvmt.org\/fr\/wp-json\/wp\/v2\/pages\/5671\/revisions\/5677"}],"wp:attachment":[{"href":"https:\/\/wetoomvmt.org\/fr\/wp-json\/wp\/v2\/media?parent=5671"}],"curies":[{"name":"wp","href":"https:\/\/api.w.org\/{rel}","templated":true}]}}