{"id":5756,"date":"2020-06-12T09:58:37","date_gmt":"2020-06-12T09:58:37","guid":{"rendered":"https:\/\/wetoomvmt.org\/mission\/"},"modified":"2023-11-22T11:21:52","modified_gmt":"2023-11-22T11:21:52","slug":"mission","status":"publish","type":"page","link":"https:\/\/wetoomvmt.org\/de\/mission\/","title":{"rendered":"Mission"},"content":{"rendered":"\t\t<div data-elementor-type=\"wp-page\" data-elementor-id=\"5756\" class=\"elementor elementor-5756 elementor-977\">\n\t\t\t\t\t\t<section class=\"elementor-section elementor-top-section elementor-element elementor-element-5f028008 elementor-section-stretched elementor-section-content-middle elementor-section-boxed elementor-section-height-default elementor-section-height-default\" data-id=\"5f028008\" data-element_type=\"section\" data-settings=\"{&quot;stretch_section&quot;:&quot;section-stretched&quot;,&quot;background_background&quot;:&quot;classic&quot;}\">\n\t\t\t\t\t\t\t<div class=\"elementor-background-overlay\"><\/div>\n\t\t\t\t\t\t\t<div class=\"elementor-container elementor-column-gap-default\">\n\t\t\t\t\t<div class=\"elementor-column elementor-col-100 elementor-top-column elementor-element elementor-element-69aa7b94\" data-id=\"69aa7b94\" data-element_type=\"column\">\n\t\t\t<div class=\"elementor-widget-wrap elementor-element-populated\">\n\t\t\t\t\t\t<div class=\"elementor-element elementor-element-21e15775 elementor-widget elementor-widget-heading\" data-id=\"21e15775\" data-element_type=\"widget\" data-widget_type=\"heading.default\">\n\t\t\t\t<div class=\"elementor-widget-container\">\n\t\t\t<h1 class=\"elementor-heading-title elementor-size-default\">Mission<\/h1>\t\t<\/div>\n\t\t\t\t<\/div>\n\t\t\t\t\t<\/div>\n\t\t<\/div>\n\t\t\t\t\t<\/div>\n\t\t<\/section>\n\t\t\t\t<section class=\"elementor-section elementor-top-section elementor-element elementor-element-398bc0c elementor-section-stretched elementor-section-full_width elementor-hidden-phone elementor-section-height-default elementor-section-height-default\" data-id=\"398bc0c\" data-element_type=\"section\" data-settings=\"{&quot;stretch_section&quot;:&quot;section-stretched&quot;}\">\n\t\t\t\t\t\t<div class=\"elementor-container elementor-column-gap-default\">\n\t\t\t\t\t<div class=\"elementor-column elementor-col-20 elementor-top-column elementor-element elementor-element-460c421\" data-id=\"460c421\" data-element_type=\"column\">\n\t\t\t<div class=\"elementor-widget-wrap elementor-element-populated\">\n\t\t\t\t\t\t<div class=\"elementor-element elementor-element-66cfbc35 elementor-view-default elementor-position-top elementor-mobile-position-top elementor-widget elementor-widget-icon-box\" data-id=\"66cfbc35\" data-element_type=\"widget\" data-widget_type=\"icon-box.default\">\n\t\t\t\t<div class=\"elementor-widget-container\">\n\t\t\t\t\t<div class=\"elementor-icon-box-wrapper\">\n\n\t\t\t\t\t\t<div class=\"elementor-icon-box-icon\">\n\t\t\t\t<span  class=\"elementor-icon elementor-animation-\">\n\t\t\t\t<i aria-hidden=\"true\" class=\"fas fa-circle\"><\/i>\t\t\t\t<\/span>\n\t\t\t<\/div>\n\t\t\t\n\t\t\t\t\t\t<div class=\"elementor-icon-box-content\">\n\n\t\t\t\t\t\t\t\t\t<h6 class=\"elementor-icon-box-title\">\n\t\t\t\t\t\t<span  >\n\t\t\t\t\t\t\tKREATION\t\t\t\t\t\t<\/span>\n\t\t\t\t\t<\/h6>\n\t\t\t\t\n\t\t\t\t\n\t\t\t<\/div>\n\t\t\t\n\t\t<\/div>\n\t\t\t\t<\/div>\n\t\t\t\t<\/div>\n\t\t\t\t\t<\/div>\n\t\t<\/div>\n\t\t\t\t<div class=\"elementor-column elementor-col-20 elementor-top-column elementor-element elementor-element-430df65a\" data-id=\"430df65a\" data-element_type=\"column\">\n\t\t\t<div class=\"elementor-widget-wrap elementor-element-populated\">\n\t\t\t\t\t\t<div class=\"elementor-element elementor-element-550dbfb elementor-view-default elementor-position-top elementor-mobile-position-top elementor-widget elementor-widget-icon-box\" data-id=\"550dbfb\" data-element_type=\"widget\" data-widget_type=\"icon-box.default\">\n\t\t\t\t<div class=\"elementor-widget-container\">\n\t\t\t\t\t<div class=\"elementor-icon-box-wrapper\">\n\n\t\t\t\t\t\t<div class=\"elementor-icon-box-icon\">\n\t\t\t\t<span  class=\"elementor-icon elementor-animation-\">\n\t\t\t\t<i aria-hidden=\"true\" class=\"fas fa-circle\"><\/i>\t\t\t\t<\/span>\n\t\t\t<\/div>\n\t\t\t\n\t\t\t\t\t\t<div class=\"elementor-icon-box-content\">\n\n\t\t\t\t\t\t\t\t\t<h6 class=\"elementor-icon-box-title\">\n\t\t\t\t\t\t<span  >\n\t\t\t\t\t\t\tMITGLIEDSCHAFT\t\t\t\t\t\t<\/span>\n\t\t\t\t\t<\/h6>\n\t\t\t\t\n\t\t\t\t\n\t\t\t<\/div>\n\t\t\t\n\t\t<\/div>\n\t\t\t\t<\/div>\n\t\t\t\t<\/div>\n\t\t\t\t\t<\/div>\n\t\t<\/div>\n\t\t\t\t<div class=\"elementor-column elementor-col-20 elementor-top-column elementor-element elementor-element-45d947ae\" data-id=\"45d947ae\" data-element_type=\"column\">\n\t\t\t<div class=\"elementor-widget-wrap elementor-element-populated\">\n\t\t\t\t\t\t<div class=\"elementor-element elementor-element-24db87ee elementor-view-default elementor-position-top elementor-mobile-position-top elementor-widget elementor-widget-icon-box\" data-id=\"24db87ee\" data-element_type=\"widget\" data-widget_type=\"icon-box.default\">\n\t\t\t\t<div class=\"elementor-widget-container\">\n\t\t\t\t\t<div class=\"elementor-icon-box-wrapper\">\n\n\t\t\t\t\t\t<div class=\"elementor-icon-box-icon\">\n\t\t\t\t<span  class=\"elementor-icon elementor-animation-\">\n\t\t\t\t<i aria-hidden=\"true\" class=\"fas fa-circle\"><\/i>\t\t\t\t<\/span>\n\t\t\t<\/div>\n\t\t\t\n\t\t\t\t\t\t<div class=\"elementor-icon-box-content\">\n\n\t\t\t\t\t\t\t\t\t<h6 class=\"elementor-icon-box-title\">\n\t\t\t\t\t\t<span  >\n\t\t\t\t\t\t\tPROJEKTE\t\t\t\t\t\t<\/span>\n\t\t\t\t\t<\/h6>\n\t\t\t\t\n\t\t\t\t\n\t\t\t<\/div>\n\t\t\t\n\t\t<\/div>\n\t\t\t\t<\/div>\n\t\t\t\t<\/div>\n\t\t\t\t\t<\/div>\n\t\t<\/div>\n\t\t\t\t<div class=\"elementor-column elementor-col-20 elementor-top-column elementor-element elementor-element-6e92206c\" data-id=\"6e92206c\" data-element_type=\"column\">\n\t\t\t<div class=\"elementor-widget-wrap elementor-element-populated\">\n\t\t\t\t\t\t<div class=\"elementor-element elementor-element-4c379266 elementor-view-default elementor-position-top elementor-mobile-position-top elementor-widget elementor-widget-icon-box\" data-id=\"4c379266\" data-element_type=\"widget\" data-widget_type=\"icon-box.default\">\n\t\t\t\t<div class=\"elementor-widget-container\">\n\t\t\t\t\t<div class=\"elementor-icon-box-wrapper\">\n\n\t\t\t\t\t\t<div class=\"elementor-icon-box-icon\">\n\t\t\t\t<span  class=\"elementor-icon elementor-animation-\">\n\t\t\t\t<i aria-hidden=\"true\" class=\"fas fa-circle\"><\/i>\t\t\t\t<\/span>\n\t\t\t<\/div>\n\t\t\t\n\t\t\t\t\t\t<div class=\"elementor-icon-box-content\">\n\n\t\t\t\t\t\t\t\t\t<h6 class=\"elementor-icon-box-title\">\n\t\t\t\t\t\t<span  >\n\t\t\t\t\t\t\tAUSWIRKUNGEN AUF DIE GESELLSCHAFT\t\t\t\t\t\t<\/span>\n\t\t\t\t\t<\/h6>\n\t\t\t\t\n\t\t\t\t\n\t\t\t<\/div>\n\t\t\t\n\t\t<\/div>\n\t\t\t\t<\/div>\n\t\t\t\t<\/div>\n\t\t\t\t\t<\/div>\n\t\t<\/div>\n\t\t\t\t<div class=\"elementor-column elementor-col-20 elementor-top-column elementor-element elementor-element-d0fa8e6\" data-id=\"d0fa8e6\" data-element_type=\"column\">\n\t\t\t<div class=\"elementor-widget-wrap elementor-element-populated\">\n\t\t\t\t\t\t<div class=\"elementor-element elementor-element-23d4ce90 elementor-view-default elementor-position-top elementor-mobile-position-top elementor-widget elementor-widget-icon-box\" data-id=\"23d4ce90\" data-element_type=\"widget\" data-widget_type=\"icon-box.default\">\n\t\t\t\t<div class=\"elementor-widget-container\">\n\t\t\t\t\t<div class=\"elementor-icon-box-wrapper\">\n\n\t\t\t\t\t\t<div class=\"elementor-icon-box-icon\">\n\t\t\t\t<span  class=\"elementor-icon elementor-animation-\">\n\t\t\t\t<i aria-hidden=\"true\" class=\"fas fa-circle\"><\/i>\t\t\t\t<\/span>\n\t\t\t<\/div>\n\t\t\t\n\t\t\t\t\t\t<div class=\"elementor-icon-box-content\">\n\n\t\t\t\t\t\t\t\t\t<h6 class=\"elementor-icon-box-title\">\n\t\t\t\t\t\t<span  >\n\t\t\t\t\t\t\tGLEICHE RECHTE\t\t\t\t\t\t<\/span>\n\t\t\t\t\t<\/h6>\n\t\t\t\t\n\t\t\t\t\n\t\t\t<\/div>\n\t\t\t\n\t\t<\/div>\n\t\t\t\t<\/div>\n\t\t\t\t<\/div>\n\t\t\t\t\t<\/div>\n\t\t<\/div>\n\t\t\t\t\t<\/div>\n\t\t<\/section>\n\t\t\t\t<section class=\"elementor-section elementor-top-section elementor-element elementor-element-4e69e967 elementor-section-content-middle elementor-section-full_width elementor-section-height-default elementor-section-height-default\" data-id=\"4e69e967\" data-element_type=\"section\">\n\t\t\t\t\t\t<div class=\"elementor-container elementor-column-gap-default\">\n\t\t\t\t\t<div class=\"elementor-column elementor-col-33 elementor-top-column elementor-element elementor-element-7f2404bb\" data-id=\"7f2404bb\" data-element_type=\"column\">\n\t\t\t<div class=\"elementor-widget-wrap elementor-element-populated\">\n\t\t\t\t\t\t<div class=\"elementor-element elementor-element-2340f643 elementor-widget elementor-widget-image\" data-id=\"2340f643\" data-element_type=\"widget\" data-widget_type=\"image.default\">\n\t\t\t\t<div class=\"elementor-widget-container\">\n\t\t\t\t\t\t\t\t\t\t\t\t\t<img fetchpriority=\"high\" decoding=\"async\" width=\"691\" height=\"800\" src=\"https:\/\/wetoomvmt.org\/wp-content\/uploads\/2023\/10\/father-and-son-reading-book-on-floor-2022-01-27-19-01-29-utc-copy.jpg\" class=\"attachment-full size-full wp-image-5605\" alt=\"\" srcset=\"https:\/\/wetoomvmt.org\/wp-content\/uploads\/2023\/10\/father-and-son-reading-book-on-floor-2022-01-27-19-01-29-utc-copy.jpg 691w, https:\/\/wetoomvmt.org\/wp-content\/uploads\/2023\/10\/father-and-son-reading-book-on-floor-2022-01-27-19-01-29-utc-copy-600x695.jpg 600w, https:\/\/wetoomvmt.org\/wp-content\/uploads\/2023\/10\/father-and-son-reading-book-on-floor-2022-01-27-19-01-29-utc-copy-259x300.jpg 259w\" sizes=\"(max-width: 691px) 100vw, 691px\" \/>\t\t\t\t\t\t\t\t\t\t\t\t\t<\/div>\n\t\t\t\t<\/div>\n\t\t\t\t\t<\/div>\n\t\t<\/div>\n\t\t\t\t<div class=\"elementor-column elementor-col-33 elementor-top-column elementor-element elementor-element-dfc57e5\" data-id=\"dfc57e5\" data-element_type=\"column\">\n\t\t\t<div class=\"elementor-widget-wrap elementor-element-populated\">\n\t\t\t\t\t\t<div class=\"elementor-element elementor-element-4f674616 elementor-tablet-align-center elementor-widget elementor-widget-button\" data-id=\"4f674616\" data-element_type=\"widget\" data-widget_type=\"button.default\">\n\t\t\t\t<div class=\"elementor-widget-container\">\n\t\t\t\t\t\t\t<div class=\"elementor-button-wrapper\">\n\t\t\t\t\t<a class=\"elementor-button elementor-button-link elementor-size-sm\" href=\"#\">\n\t\t\t\t\t\t<span class=\"elementor-button-content-wrapper\">\n\t\t\t\t\t\t<span class=\"elementor-button-icon\">\n\t\t\t\t<i aria-hidden=\"true\" class=\"fas fa-link\"><\/i>\t\t\t<\/span>\n\t\t\t\t\t\t\t\t<\/span>\n\t\t\t\t\t<\/a>\n\t\t\t\t<\/div>\n\t\t\t\t\t\t<\/div>\n\t\t\t\t<\/div>\n\t\t\t\t\t<\/div>\n\t\t<\/div>\n\t\t\t\t<div class=\"elementor-column elementor-col-33 elementor-top-column elementor-element elementor-element-655f7990\" data-id=\"655f7990\" data-element_type=\"column\">\n\t\t\t<div class=\"elementor-widget-wrap elementor-element-populated\">\n\t\t\t\t\t\t<div class=\"elementor-element elementor-element-43b449e7 elementor-align-left elementor-mobile-align-center elementor-icon-list--layout-traditional elementor-list-item-link-full_width elementor-widget elementor-widget-icon-list\" data-id=\"43b449e7\" data-element_type=\"widget\" data-widget_type=\"icon-list.default\">\n\t\t\t\t<div class=\"elementor-widget-container\">\n\t\t\t\t\t<ul class=\"elementor-icon-list-items\">\n\t\t\t\t\t\t\t<li class=\"elementor-icon-list-item\">\n\t\t\t\t\t\t\t\t\t\t\t<span class=\"elementor-icon-list-icon\">\n\t\t\t\t\t\t\t<svg xmlns:dc=\"http:\/\/purl.org\/dc\/elements\/1.1\/\" xmlns:cc=\"http:\/\/creativecommons.org\/ns#\" xmlns:rdf=\"http:\/\/www.w3.org\/1999\/02\/22-rdf-syntax-ns#\" xmlns:svg=\"http:\/\/www.w3.org\/2000\/svg\" xmlns=\"http:\/\/www.w3.org\/2000\/svg\" xmlns:sodipodi=\"http:\/\/sodipodi.sourceforge.net\/DTD\/sodipodi-0.dtd\" xmlns:inkscape=\"http:\/\/www.inkscape.org\/namespaces\/inkscape\" id=\"Capa_1\" x=\"0px\" y=\"0px\" viewBox=\"0 0 14.707 14.707\" style=\"enable-background:new 0 0 14.707 14.707;\" xml:space=\"preserve\" inkscape:version=\"0.91 r13725\" sodipodi:docname=\"dividergreen-big.svg\"><metadata><\/metadata><defs id=\"defs39\"><\/defs><g id=\"g3\" style=\"fill:#22b6af;fill-opacity:1\" transform=\"matrix(1.5486738,0,0,1,-3.4429283,0)\"><rect x=\"6.2750001\" y=\"0\" style=\"fill:#22b6af;fill-opacity:1\" width=\"2.158\" height=\"14.707\" id=\"rect5\"><\/rect><\/g><g id=\"g7\"><\/g><g id=\"g9\"><\/g><g id=\"g11\"><\/g><g id=\"g13\"><\/g><g id=\"g15\"><\/g><g id=\"g17\"><\/g><g id=\"g19\"><\/g><g id=\"g21\"><\/g><g id=\"g23\"><\/g><g id=\"g25\"><\/g><g id=\"g27\"><\/g><g id=\"g29\"><\/g><g id=\"g31\"><\/g><g id=\"g33\"><\/g><g id=\"g35\"><\/g><\/svg>\t\t\t\t\t\t<\/span>\n\t\t\t\t\t\t\t\t\t\t<span class=\"elementor-icon-list-text\">Jeder Tropfen schafft das Meer<\/span>\n\t\t\t\t\t\t\t\t\t<\/li>\n\t\t\t\t\t\t<\/ul>\n\t\t\t\t<\/div>\n\t\t\t\t<\/div>\n\t\t\t\t<div class=\"elementor-element elementor-element-5d1c0d80 elementor-widget elementor-widget-heading\" data-id=\"5d1c0d80\" data-element_type=\"widget\" data-widget_type=\"heading.default\">\n\t\t\t\t<div class=\"elementor-widget-container\">\n\t\t\t<h1 class=\"elementor-heading-title elementor-size-default\">Einf\u00fchrung in WeTooMvmt<\/h1>\t\t<\/div>\n\t\t\t\t<\/div>\n\t\t\t\t<div class=\"elementor-element elementor-element-2e2ab77b elementor-widget elementor-widget-heading\" data-id=\"2e2ab77b\" data-element_type=\"widget\" data-widget_type=\"heading.default\">\n\t\t\t\t<div class=\"elementor-widget-container\">\n\t\t\t<p class=\"elementor-heading-title elementor-size-default\">WeTooMvmt ist eine aufkeimende Bewegung mit Sitz in der Schweiz, die sich f\u00fcr die Gleichberechtigung von V\u00e4tern in der Kindererziehung einsetzt. Die Gr\u00fcndung von WeTooMvmt geht auf das kollektive Bestreben zur\u00fcck, die bestehenden L\u00fccken im derzeitigen Familienrechtssystem zu schlie\u00dfen, das h\u00e4ufig auf das m\u00fctterliche Sorgerecht ausgerichtet ist.<br>\nWir sind der \u00dcberzeugung, dass jedes Kind eine ausgewogene Erziehung und Liebe von beiden Elternteilen verdient und dass V\u00e4ter im rechtlichen Rahmen des Sorgerechts und des Erziehungsrechts gleichberechtigt sein sollten. Mit unserer Bewegung wollen wir ein solides Unterst\u00fctzungsnetz f\u00fcr V\u00e4ter schaffen, das \u00f6ffentliche Bewusstsein f\u00fcr die Bedeutung einer ausgewogenen Elternschaft f\u00f6rdern und Einfluss auf politische Ver\u00e4nderungen nehmen, die unser Ethos der Fairness und Gleichberechtigung widerspiegeln.<br>\n\nIn einem Bereich, in dem die Waage oft zu Ungunsten der V\u00e4ter ausschl\u00e4gt, bem\u00fcht sich WeTooMvmt um ein Gegengewicht, das sicherstellt, dass die Rechte der V\u00e4ter gewahrt werden und die Interessen des Kindes stets im Vordergrund stehen. Durch gemeinsame Anstrengungen wollen wir eine Gemeinschaft aufbauen, die aufkl\u00e4rt, unterst\u00fctzt und sich f\u00fcr ein gerechteres Familienrechtssystem einsetzt, das allen Beteiligten zugute kommt.<br>\n\nUnterst\u00fctzen Sie uns auf dem Weg zu einer gerechteren Gesellschaft, in der die Rolle der V\u00e4ter ebenso anerkannt, gew\u00fcrdigt und unterst\u00fctzt wird wie die der M\u00fctter, und die zu einem harmonischen und gerechten famili\u00e4ren Rahmen beitr\u00e4gt.<\/p>\t\t<\/div>\n\t\t\t\t<\/div>\n\t\t\t\t\t<\/div>\n\t\t<\/div>\n\t\t\t\t\t<\/div>\n\t\t<\/section>\n\t\t\t\t<\/div>\n\t\t","protected":false},"excerpt":{"rendered":"<p>Mission KREATION MITGLIEDSCHAFT PROJEKTE AUSWIRKUNGEN AUF DIE GESELLSCHAFT GLEICHE RECHTE Jeder Tropfen schafft das Meer Einf\u00fchrung in WeTooMvmt WeTooMvmt ist eine aufkeimende Bewegung mit Sitz in der Schweiz, die sich f\u00fcr die Gleichberechtigung von V\u00e4tern in der Kindererziehung einsetzt. Die Gr\u00fcndung von WeTooMvmt geht auf das kollektive Bestreben zur\u00fcck, die bestehenden L\u00fccken im derzeitigen Familienrechtssystem [&hellip;]<\/p>\n","protected":false},"author":1,"featured_media":0,"parent":0,"menu_order":0,"comment_status":"closed","ping_status":"closed","template":"","meta":{"footnotes":""},"class_list":["post-5756","page","type-page","status-publish","hentry"],"yoast_head":"<!-- This site is optimized with the Yoast SEO plugin v23.2 - https:\/\/yoast.com\/wordpress\/plugins\/seo\/ -->\n<title>Mission - we too. Movement<\/title>\n<meta name=\"robots\" content=\"index, follow, max-snippet:-1, max-image-preview:large, max-video-preview:-1\" \/>\n<link rel=\"canonical\" href=\"https:\/\/wetoomvmt.org\/de\/mission\/\" \/>\n<meta property=\"og:locale\" content=\"de_DE\" \/>\n<meta property=\"og:type\" content=\"article\" \/>\n<meta property=\"og:title\" content=\"Mission - we too. Movement\" \/>\n<meta property=\"og:description\" content=\"Mission KREATION MITGLIEDSCHAFT PROJEKTE AUSWIRKUNGEN AUF DIE GESELLSCHAFT GLEICHE RECHTE Jeder Tropfen schafft das Meer Einf\u00fchrung in WeTooMvmt WeTooMvmt ist eine aufkeimende Bewegung mit Sitz in der Schweiz, die sich f\u00fcr die Gleichberechtigung von V\u00e4tern in der Kindererziehung einsetzt. Die Gr\u00fcndung von WeTooMvmt geht auf das kollektive Bestreben zur\u00fcck, die bestehenden L\u00fccken im derzeitigen Familienrechtssystem [&hellip;]\" \/>\n<meta property=\"og:url\" content=\"https:\/\/wetoomvmt.org\/de\/mission\/\" \/>\n<meta property=\"og:site_name\" content=\"we too. Movement\" \/>\n<meta property=\"article:publisher\" content=\"https:\/\/www.facebook.com\/WeTooMvmt.org\" \/>\n<meta property=\"article:modified_time\" content=\"2023-11-22T11:21:52+00:00\" \/>\n<meta property=\"og:image\" content=\"https:\/\/wetoomvmt.org\/wp-content\/uploads\/2023\/10\/father-and-son-reading-book-on-floor-2022-01-27-19-01-29-utc-copy.jpg\" \/>\n<meta name=\"twitter:card\" content=\"summary_large_image\" \/>\n<meta name=\"twitter:label1\" content=\"Gesch\u00e4tzte Lesezeit\" \/>\n\t<meta name=\"twitter:data1\" content=\"2\u00a0Minuten\" \/>\n<script type=\"application\/ld+json\" class=\"yoast-schema-graph\">{\"@context\":\"https:\/\/schema.org\",\"@graph\":[{\"@type\":\"WebPage\",\"@id\":\"https:\/\/wetoomvmt.org\/de\/mission\/\",\"url\":\"https:\/\/wetoomvmt.org\/de\/mission\/\",\"name\":\"Mission - we too. Movement\",\"isPartOf\":{\"@id\":\"https:\/\/wetoomvmt.org\/de\/#website\"},\"primaryImageOfPage\":{\"@id\":\"https:\/\/wetoomvmt.org\/de\/mission\/#primaryimage\"},\"image\":{\"@id\":\"https:\/\/wetoomvmt.org\/de\/mission\/#primaryimage\"},\"thumbnailUrl\":\"https:\/\/wetoomvmt.org\/wp-content\/uploads\/2023\/10\/father-and-son-reading-book-on-floor-2022-01-27-19-01-29-utc-copy.jpg\",\"datePublished\":\"2020-06-12T09:58:37+00:00\",\"dateModified\":\"2023-11-22T11:21:52+00:00\",\"breadcrumb\":{\"@id\":\"https:\/\/wetoomvmt.org\/de\/mission\/#breadcrumb\"},\"inLanguage\":\"de\",\"potentialAction\":[{\"@type\":\"ReadAction\",\"target\":[\"https:\/\/wetoomvmt.org\/de\/mission\/\"]}]},{\"@type\":\"ImageObject\",\"inLanguage\":\"de\",\"@id\":\"https:\/\/wetoomvmt.org\/de\/mission\/#primaryimage\",\"url\":\"https:\/\/wetoomvmt.org\/wp-content\/uploads\/2023\/10\/father-and-son-reading-book-on-floor-2022-01-27-19-01-29-utc-copy.jpg\",\"contentUrl\":\"https:\/\/wetoomvmt.org\/wp-content\/uploads\/2023\/10\/father-and-son-reading-book-on-floor-2022-01-27-19-01-29-utc-copy.jpg\"},{\"@type\":\"BreadcrumbList\",\"@id\":\"https:\/\/wetoomvmt.org\/de\/mission\/#breadcrumb\",\"itemListElement\":[{\"@type\":\"ListItem\",\"position\":1,\"name\":\"Home\",\"item\":\"https:\/\/wetoomvmt.org\/de\/startseite\/\"},{\"@type\":\"ListItem\",\"position\":2,\"name\":\"Mission\"}]},{\"@type\":\"WebSite\",\"@id\":\"https:\/\/wetoomvmt.org\/de\/#website\",\"url\":\"https:\/\/wetoomvmt.org\/de\/\",\"name\":\"we too. Movement\",\"description\":\"\",\"publisher\":{\"@id\":\"https:\/\/wetoomvmt.org\/de\/#organization\"},\"potentialAction\":[{\"@type\":\"SearchAction\",\"target\":{\"@type\":\"EntryPoint\",\"urlTemplate\":\"https:\/\/wetoomvmt.org\/de\/?s={search_term_string}\"},\"query-input\":\"required name=search_term_string\"}],\"inLanguage\":\"de\"},{\"@type\":\"Organization\",\"@id\":\"https:\/\/wetoomvmt.org\/de\/#organization\",\"name\":\"we too. Movement\",\"url\":\"https:\/\/wetoomvmt.org\/de\/\",\"logo\":{\"@type\":\"ImageObject\",\"inLanguage\":\"de\",\"@id\":\"https:\/\/wetoomvmt.org\/de\/#\/schema\/logo\/image\/\",\"url\":\"https:\/\/wetoomvmt.org\/wp-content\/uploads\/2023\/11\/FDM-logo.png\",\"contentUrl\":\"https:\/\/wetoomvmt.org\/wp-content\/uploads\/2023\/11\/FDM-logo.png\",\"width\":300,\"height\":183,\"caption\":\"we too. Movement\"},\"image\":{\"@id\":\"https:\/\/wetoomvmt.org\/de\/#\/schema\/logo\/image\/\"},\"sameAs\":[\"https:\/\/www.facebook.com\/WeTooMvmt.org\"]}]}<\/script>\n<!-- \/ Yoast SEO plugin. -->","yoast_head_json":{"title":"Mission - we too. Movement","robots":{"index":"index","follow":"follow","max-snippet":"max-snippet:-1","max-image-preview":"max-image-preview:large","max-video-preview":"max-video-preview:-1"},"canonical":"https:\/\/wetoomvmt.org\/de\/mission\/","og_locale":"de_DE","og_type":"article","og_title":"Mission - we too. Movement","og_description":"Mission KREATION MITGLIEDSCHAFT PROJEKTE AUSWIRKUNGEN AUF DIE GESELLSCHAFT GLEICHE RECHTE Jeder Tropfen schafft das Meer Einf\u00fchrung in WeTooMvmt WeTooMvmt ist eine aufkeimende Bewegung mit Sitz in der Schweiz, die sich f\u00fcr die Gleichberechtigung von V\u00e4tern in der Kindererziehung einsetzt. Die Gr\u00fcndung von WeTooMvmt geht auf das kollektive Bestreben zur\u00fcck, die bestehenden L\u00fccken im derzeitigen Familienrechtssystem [&hellip;]","og_url":"https:\/\/wetoomvmt.org\/de\/mission\/","og_site_name":"we too. Movement","article_publisher":"https:\/\/www.facebook.com\/WeTooMvmt.org","article_modified_time":"2023-11-22T11:21:52+00:00","og_image":[{"url":"https:\/\/wetoomvmt.org\/wp-content\/uploads\/2023\/10\/father-and-son-reading-book-on-floor-2022-01-27-19-01-29-utc-copy.jpg"}],"twitter_card":"summary_large_image","twitter_misc":{"Gesch\u00e4tzte Lesezeit":"2\u00a0Minuten"},"schema":{"@context":"https:\/\/schema.org","@graph":[{"@type":"WebPage","@id":"https:\/\/wetoomvmt.org\/de\/mission\/","url":"https:\/\/wetoomvmt.org\/de\/mission\/","name":"Mission - we too. Movement","isPartOf":{"@id":"https:\/\/wetoomvmt.org\/de\/#website"},"primaryImageOfPage":{"@id":"https:\/\/wetoomvmt.org\/de\/mission\/#primaryimage"},"image":{"@id":"https:\/\/wetoomvmt.org\/de\/mission\/#primaryimage"},"thumbnailUrl":"https:\/\/wetoomvmt.org\/wp-content\/uploads\/2023\/10\/father-and-son-reading-book-on-floor-2022-01-27-19-01-29-utc-copy.jpg","datePublished":"2020-06-12T09:58:37+00:00","dateModified":"2023-11-22T11:21:52+00:00","breadcrumb":{"@id":"https:\/\/wetoomvmt.org\/de\/mission\/#breadcrumb"},"inLanguage":"de","potentialAction":[{"@type":"ReadAction","target":["https:\/\/wetoomvmt.org\/de\/mission\/"]}]},{"@type":"ImageObject","inLanguage":"de","@id":"https:\/\/wetoomvmt.org\/de\/mission\/#primaryimage","url":"https:\/\/wetoomvmt.org\/wp-content\/uploads\/2023\/10\/father-and-son-reading-book-on-floor-2022-01-27-19-01-29-utc-copy.jpg","contentUrl":"https:\/\/wetoomvmt.org\/wp-content\/uploads\/2023\/10\/father-and-son-reading-book-on-floor-2022-01-27-19-01-29-utc-copy.jpg"},{"@type":"BreadcrumbList","@id":"https:\/\/wetoomvmt.org\/de\/mission\/#breadcrumb","itemListElement":[{"@type":"ListItem","position":1,"name":"Home","item":"https:\/\/wetoomvmt.org\/de\/startseite\/"},{"@type":"ListItem","position":2,"name":"Mission"}]},{"@type":"WebSite","@id":"https:\/\/wetoomvmt.org\/de\/#website","url":"https:\/\/wetoomvmt.org\/de\/","name":"we too. Movement","description":"","publisher":{"@id":"https:\/\/wetoomvmt.org\/de\/#organization"},"potentialAction":[{"@type":"SearchAction","target":{"@type":"EntryPoint","urlTemplate":"https:\/\/wetoomvmt.org\/de\/?s={search_term_string}"},"query-input":"required name=search_term_string"}],"inLanguage":"de"},{"@type":"Organization","@id":"https:\/\/wetoomvmt.org\/de\/#organization","name":"we too. Movement","url":"https:\/\/wetoomvmt.org\/de\/","logo":{"@type":"ImageObject","inLanguage":"de","@id":"https:\/\/wetoomvmt.org\/de\/#\/schema\/logo\/image\/","url":"https:\/\/wetoomvmt.org\/wp-content\/uploads\/2023\/11\/FDM-logo.png","contentUrl":"https:\/\/wetoomvmt.org\/wp-content\/uploads\/2023\/11\/FDM-logo.png","width":300,"height":183,"caption":"we too. Movement"},"image":{"@id":"https:\/\/wetoomvmt.org\/de\/#\/schema\/logo\/image\/"},"sameAs":["https:\/\/www.facebook.com\/WeTooMvmt.org"]}]}},"_links":{"self":[{"href":"https:\/\/wetoomvmt.org\/de\/wp-json\/wp\/v2\/pages\/5756","targetHints":{"allow":["GET"]}}],"collection":[{"href":"https:\/\/wetoomvmt.org\/de\/wp-json\/wp\/v2\/pages"}],"about":[{"href":"https:\/\/wetoomvmt.org\/de\/wp-json\/wp\/v2\/types\/page"}],"author":[{"embeddable":true,"href":"https:\/\/wetoomvmt.org\/de\/wp-json\/wp\/v2\/users\/1"}],"replies":[{"embeddable":true,"href":"https:\/\/wetoomvmt.org\/de\/wp-json\/wp\/v2\/comments?post=5756"}],"version-history":[{"count":4,"href":"https:\/\/wetoomvmt.org\/de\/wp-json\/wp\/v2\/pages\/5756\/revisions"}],"predecessor-version":[{"id":5768,"href":"https:\/\/wetoomvmt.org\/de\/wp-json\/wp\/v2\/pages\/5756\/revisions\/5768"}],"wp:attachment":[{"href":"https:\/\/wetoomvmt.org\/de\/wp-json\/wp\/v2\/media?parent=5756"}],"curies":[{"name":"wp","href":"https:\/\/api.w.org\/{rel}","templated":true}]}}