{"id":5686,"date":"2023-11-22T10:31:29","date_gmt":"2023-11-22T10:31:29","guid":{"rendered":"https:\/\/wetoomvmt.org\/foerderer\/"},"modified":"2023-11-22T11:13:42","modified_gmt":"2023-11-22T11:13:42","slug":"foerderer","status":"publish","type":"page","link":"https:\/\/wetoomvmt.org\/de\/foerderer\/","title":{"rendered":"F\u00f6rderer"},"content":{"rendered":"\n<figure class=\"wp-block-image size-full\"><img decoding=\"async\" width=\"301\" height=\"97\" src=\"https:\/\/wetoomvmt.org\/wp-content\/uploads\/2023\/11\/300px.png\" alt=\"\" class=\"wp-image-4230\"\/><\/figure>\n\n<h4 class=\"wp-block-heading\">Mehrsprachige Reichweite mit WPML-Unterst\u00fctzung &#8211; ein Schritt nach vorn f\u00fcr WeTooMvmt<\/h4>\n\n<p>Wir freuen uns, eine aufregende Entwicklung f\u00fcr WeTooMvmt ank\u00fcndigen zu k\u00f6nnen &#8211; ein gro\u00dfz\u00fcgiges Sponsoring von WPML, die ihre Dienste mit 50% Rabatt auf den regul\u00e4ren Preis anbieten. Diese Unterst\u00fctzung von WPML ist nicht nur ein Sponsoring, sondern ein Leuchtfeuer der Hoffnung und ein Werkzeug f\u00fcr Ver\u00e4nderungen in unserer Mission f\u00fcr Gleichberechtigung in der Elternschaft.<\/p>\n\n<p>Die reiche Vielfalt an Sprachen und Kulturen macht die Schweiz einzigartig, stellt aber auch eine Herausforderung dar, wenn es darum geht, effektiv mit allen Gemeinschaften zu kommunizieren. Hier wird WPML zu einem wichtigen Verb\u00fcndeten. Ihre \u00dcbersetzungsdienste erm\u00f6glichen es uns, Sprachbarrieren zu \u00fcberwinden und jeden Winkel unserer mehrsprachigen Nation mit unserer Botschaft zu erreichen.<\/p>\n\n<p>Wir von WeTooMvmt stellen uns eine Welt vor, in der V\u00e4ter bei der Pflege und Erziehung ihrer Kinder gleicherma\u00dfen anerkannt werden. Wir k\u00e4mpfen f\u00fcr gerechte Familiengesetze und unterst\u00fctzen V\u00e4ter dabei, zu integralen St\u00fctzen der St\u00e4rke, Liebe und F\u00fcrsorge f\u00fcr ihre Kinder zu werden. Der Weg zu einer ausgewogenen Erziehung kommt allen zugute, insbesondere den Kindern, die die Liebe beider Elternteile verdienen.<\/p>\n\n<p>Die Unterst\u00fctzung von WPML erm\u00f6glicht es uns, diese Botschaft weit zu verbreiten und sicherzustellen, dass unsere Stimme f\u00fcr den Wandel in jeder Sprache und in jedem Haus geh\u00f6rt wird. Bei dieser Partnerschaft geht es nicht nur um die \u00dcbersetzung von Worten, sondern auch darum, Hoffnung zu vermitteln, unseren Auftrag zu teilen und eine Gemeinschaft aufzubauen, die sich gemeinsam f\u00fcr Gleichberechtigung in der Elternschaft einsetzt.<\/p>\n\n<p>Wir sind WPML sehr dankbar, dass sie an unsere Sache geglaubt und uns unterst\u00fctzt haben. Diese Zusammenarbeit ist ein Beweis f\u00fcr die Kraft der Einigkeit und die Wirkung eines gemeinsamen Ziels.<\/p>\n\n<p>Wir laden Sie ein, uns auf dieser Reise zu begleiten. Seien Sie Teil des Wandels, denn jedes Kind hat zwei starke S\u00e4ulen verdient &#8211; seine Eltern. Mit der Unterst\u00fctzung von WPML sind wir jetzt mehr denn je in der Lage, diese Vision zu verwirklichen.<\/p>\n\n<p><strong>#GleichheitInErziehung #WeTooMvmt #WPMLPartnerschaft<\/strong><\/p>\n\n<p>.<\/p>\n","protected":false},"excerpt":{"rendered":"<p>Mehrsprachige Reichweite mit WPML-Unterst\u00fctzung &#8211; ein Schritt nach vorn f\u00fcr WeTooMvmt Wir freuen uns, eine aufregende Entwicklung f\u00fcr WeTooMvmt ank\u00fcndigen zu k\u00f6nnen &#8211; ein gro\u00dfz\u00fcgiges Sponsoring von WPML, die ihre Dienste mit 50% Rabatt auf den regul\u00e4ren Preis anbieten. Diese Unterst\u00fctzung von WPML ist nicht nur ein Sponsoring, sondern ein Leuchtfeuer der Hoffnung und ein [&hellip;]<\/p>\n","protected":false},"author":1,"featured_media":0,"parent":0,"menu_order":0,"comment_status":"closed","ping_status":"closed","template":"","meta":{"footnotes":""},"class_list":["post-5686","page","type-page","status-publish","hentry"],"yoast_head":"<!-- This site is optimized with the Yoast SEO plugin v23.2 - https:\/\/yoast.com\/wordpress\/plugins\/seo\/ -->\n<title>F\u00f6rderer - we too. Movement<\/title>\n<meta name=\"robots\" content=\"index, follow, max-snippet:-1, max-image-preview:large, max-video-preview:-1\" \/>\n<link rel=\"canonical\" href=\"https:\/\/wetoomvmt.org\/de\/foerderer\/\" \/>\n<meta property=\"og:locale\" content=\"de_DE\" \/>\n<meta property=\"og:type\" content=\"article\" \/>\n<meta property=\"og:title\" content=\"F\u00f6rderer - we too. Movement\" \/>\n<meta property=\"og:description\" content=\"Mehrsprachige Reichweite mit WPML-Unterst\u00fctzung &#8211; ein Schritt nach vorn f\u00fcr WeTooMvmt Wir freuen uns, eine aufregende Entwicklung f\u00fcr WeTooMvmt ank\u00fcndigen zu k\u00f6nnen &#8211; ein gro\u00dfz\u00fcgiges Sponsoring von WPML, die ihre Dienste mit 50% Rabatt auf den regul\u00e4ren Preis anbieten. Diese Unterst\u00fctzung von WPML ist nicht nur ein Sponsoring, sondern ein Leuchtfeuer der Hoffnung und ein [&hellip;]\" \/>\n<meta property=\"og:url\" content=\"https:\/\/wetoomvmt.org\/de\/foerderer\/\" \/>\n<meta property=\"og:site_name\" content=\"we too. Movement\" \/>\n<meta property=\"article:publisher\" content=\"https:\/\/www.facebook.com\/WeTooMvmt.org\" \/>\n<meta property=\"article:modified_time\" content=\"2023-11-22T11:13:42+00:00\" \/>\n<meta property=\"og:image\" content=\"https:\/\/wetoomvmt.org\/wp-content\/uploads\/2023\/11\/300px.png\" \/>\n<meta name=\"twitter:card\" content=\"summary_large_image\" \/>\n<meta name=\"twitter:label1\" content=\"Gesch\u00e4tzte Lesezeit\" \/>\n\t<meta name=\"twitter:data1\" content=\"2\u00a0Minuten\" \/>\n<script type=\"application\/ld+json\" class=\"yoast-schema-graph\">{\"@context\":\"https:\/\/schema.org\",\"@graph\":[{\"@type\":\"WebPage\",\"@id\":\"https:\/\/wetoomvmt.org\/de\/foerderer\/\",\"url\":\"https:\/\/wetoomvmt.org\/de\/foerderer\/\",\"name\":\"F\u00f6rderer - we too. Movement\",\"isPartOf\":{\"@id\":\"https:\/\/wetoomvmt.org\/de\/#website\"},\"primaryImageOfPage\":{\"@id\":\"https:\/\/wetoomvmt.org\/de\/foerderer\/#primaryimage\"},\"image\":{\"@id\":\"https:\/\/wetoomvmt.org\/de\/foerderer\/#primaryimage\"},\"thumbnailUrl\":\"https:\/\/wetoomvmt.org\/wp-content\/uploads\/2023\/11\/300px.png\",\"datePublished\":\"2023-11-22T10:31:29+00:00\",\"dateModified\":\"2023-11-22T11:13:42+00:00\",\"breadcrumb\":{\"@id\":\"https:\/\/wetoomvmt.org\/de\/foerderer\/#breadcrumb\"},\"inLanguage\":\"de\",\"potentialAction\":[{\"@type\":\"ReadAction\",\"target\":[\"https:\/\/wetoomvmt.org\/de\/foerderer\/\"]}]},{\"@type\":\"ImageObject\",\"inLanguage\":\"de\",\"@id\":\"https:\/\/wetoomvmt.org\/de\/foerderer\/#primaryimage\",\"url\":\"https:\/\/wetoomvmt.org\/wp-content\/uploads\/2023\/11\/300px.png\",\"contentUrl\":\"https:\/\/wetoomvmt.org\/wp-content\/uploads\/2023\/11\/300px.png\"},{\"@type\":\"BreadcrumbList\",\"@id\":\"https:\/\/wetoomvmt.org\/de\/foerderer\/#breadcrumb\",\"itemListElement\":[{\"@type\":\"ListItem\",\"position\":1,\"name\":\"Home\",\"item\":\"https:\/\/wetoomvmt.org\/de\/startseite\/\"},{\"@type\":\"ListItem\",\"position\":2,\"name\":\"F\u00f6rderer\"}]},{\"@type\":\"WebSite\",\"@id\":\"https:\/\/wetoomvmt.org\/de\/#website\",\"url\":\"https:\/\/wetoomvmt.org\/de\/\",\"name\":\"we too. Movement\",\"description\":\"\",\"publisher\":{\"@id\":\"https:\/\/wetoomvmt.org\/de\/#organization\"},\"potentialAction\":[{\"@type\":\"SearchAction\",\"target\":{\"@type\":\"EntryPoint\",\"urlTemplate\":\"https:\/\/wetoomvmt.org\/de\/?s={search_term_string}\"},\"query-input\":\"required name=search_term_string\"}],\"inLanguage\":\"de\"},{\"@type\":\"Organization\",\"@id\":\"https:\/\/wetoomvmt.org\/de\/#organization\",\"name\":\"we too. Movement\",\"url\":\"https:\/\/wetoomvmt.org\/de\/\",\"logo\":{\"@type\":\"ImageObject\",\"inLanguage\":\"de\",\"@id\":\"https:\/\/wetoomvmt.org\/de\/#\/schema\/logo\/image\/\",\"url\":\"https:\/\/wetoomvmt.org\/wp-content\/uploads\/2023\/11\/FDM-logo.png\",\"contentUrl\":\"https:\/\/wetoomvmt.org\/wp-content\/uploads\/2023\/11\/FDM-logo.png\",\"width\":300,\"height\":183,\"caption\":\"we too. Movement\"},\"image\":{\"@id\":\"https:\/\/wetoomvmt.org\/de\/#\/schema\/logo\/image\/\"},\"sameAs\":[\"https:\/\/www.facebook.com\/WeTooMvmt.org\"]}]}<\/script>\n<!-- \/ Yoast SEO plugin. -->","yoast_head_json":{"title":"F\u00f6rderer - we too. Movement","robots":{"index":"index","follow":"follow","max-snippet":"max-snippet:-1","max-image-preview":"max-image-preview:large","max-video-preview":"max-video-preview:-1"},"canonical":"https:\/\/wetoomvmt.org\/de\/foerderer\/","og_locale":"de_DE","og_type":"article","og_title":"F\u00f6rderer - we too. Movement","og_description":"Mehrsprachige Reichweite mit WPML-Unterst\u00fctzung &#8211; ein Schritt nach vorn f\u00fcr WeTooMvmt Wir freuen uns, eine aufregende Entwicklung f\u00fcr WeTooMvmt ank\u00fcndigen zu k\u00f6nnen &#8211; ein gro\u00dfz\u00fcgiges Sponsoring von WPML, die ihre Dienste mit 50% Rabatt auf den regul\u00e4ren Preis anbieten. Diese Unterst\u00fctzung von WPML ist nicht nur ein Sponsoring, sondern ein Leuchtfeuer der Hoffnung und ein [&hellip;]","og_url":"https:\/\/wetoomvmt.org\/de\/foerderer\/","og_site_name":"we too. Movement","article_publisher":"https:\/\/www.facebook.com\/WeTooMvmt.org","article_modified_time":"2023-11-22T11:13:42+00:00","og_image":[{"url":"https:\/\/wetoomvmt.org\/wp-content\/uploads\/2023\/11\/300px.png"}],"twitter_card":"summary_large_image","twitter_misc":{"Gesch\u00e4tzte Lesezeit":"2\u00a0Minuten"},"schema":{"@context":"https:\/\/schema.org","@graph":[{"@type":"WebPage","@id":"https:\/\/wetoomvmt.org\/de\/foerderer\/","url":"https:\/\/wetoomvmt.org\/de\/foerderer\/","name":"F\u00f6rderer - we too. Movement","isPartOf":{"@id":"https:\/\/wetoomvmt.org\/de\/#website"},"primaryImageOfPage":{"@id":"https:\/\/wetoomvmt.org\/de\/foerderer\/#primaryimage"},"image":{"@id":"https:\/\/wetoomvmt.org\/de\/foerderer\/#primaryimage"},"thumbnailUrl":"https:\/\/wetoomvmt.org\/wp-content\/uploads\/2023\/11\/300px.png","datePublished":"2023-11-22T10:31:29+00:00","dateModified":"2023-11-22T11:13:42+00:00","breadcrumb":{"@id":"https:\/\/wetoomvmt.org\/de\/foerderer\/#breadcrumb"},"inLanguage":"de","potentialAction":[{"@type":"ReadAction","target":["https:\/\/wetoomvmt.org\/de\/foerderer\/"]}]},{"@type":"ImageObject","inLanguage":"de","@id":"https:\/\/wetoomvmt.org\/de\/foerderer\/#primaryimage","url":"https:\/\/wetoomvmt.org\/wp-content\/uploads\/2023\/11\/300px.png","contentUrl":"https:\/\/wetoomvmt.org\/wp-content\/uploads\/2023\/11\/300px.png"},{"@type":"BreadcrumbList","@id":"https:\/\/wetoomvmt.org\/de\/foerderer\/#breadcrumb","itemListElement":[{"@type":"ListItem","position":1,"name":"Home","item":"https:\/\/wetoomvmt.org\/de\/startseite\/"},{"@type":"ListItem","position":2,"name":"F\u00f6rderer"}]},{"@type":"WebSite","@id":"https:\/\/wetoomvmt.org\/de\/#website","url":"https:\/\/wetoomvmt.org\/de\/","name":"we too. Movement","description":"","publisher":{"@id":"https:\/\/wetoomvmt.org\/de\/#organization"},"potentialAction":[{"@type":"SearchAction","target":{"@type":"EntryPoint","urlTemplate":"https:\/\/wetoomvmt.org\/de\/?s={search_term_string}"},"query-input":"required name=search_term_string"}],"inLanguage":"de"},{"@type":"Organization","@id":"https:\/\/wetoomvmt.org\/de\/#organization","name":"we too. Movement","url":"https:\/\/wetoomvmt.org\/de\/","logo":{"@type":"ImageObject","inLanguage":"de","@id":"https:\/\/wetoomvmt.org\/de\/#\/schema\/logo\/image\/","url":"https:\/\/wetoomvmt.org\/wp-content\/uploads\/2023\/11\/FDM-logo.png","contentUrl":"https:\/\/wetoomvmt.org\/wp-content\/uploads\/2023\/11\/FDM-logo.png","width":300,"height":183,"caption":"we too. Movement"},"image":{"@id":"https:\/\/wetoomvmt.org\/de\/#\/schema\/logo\/image\/"},"sameAs":["https:\/\/www.facebook.com\/WeTooMvmt.org"]}]}},"_links":{"self":[{"href":"https:\/\/wetoomvmt.org\/de\/wp-json\/wp\/v2\/pages\/5686","targetHints":{"allow":["GET"]}}],"collection":[{"href":"https:\/\/wetoomvmt.org\/de\/wp-json\/wp\/v2\/pages"}],"about":[{"href":"https:\/\/wetoomvmt.org\/de\/wp-json\/wp\/v2\/types\/page"}],"author":[{"embeddable":true,"href":"https:\/\/wetoomvmt.org\/de\/wp-json\/wp\/v2\/users\/1"}],"replies":[{"embeddable":true,"href":"https:\/\/wetoomvmt.org\/de\/wp-json\/wp\/v2\/comments?post=5686"}],"version-history":[{"count":1,"href":"https:\/\/wetoomvmt.org\/de\/wp-json\/wp\/v2\/pages\/5686\/revisions"}],"predecessor-version":[{"id":5690,"href":"https:\/\/wetoomvmt.org\/de\/wp-json\/wp\/v2\/pages\/5686\/revisions\/5690"}],"wp:attachment":[{"href":"https:\/\/wetoomvmt.org\/de\/wp-json\/wp\/v2\/media?parent=5686"}],"curies":[{"name":"wp","href":"https:\/\/api.w.org\/{rel}","templated":true}]}}